{"id":970,"date":"2022-09-05T11:37:23","date_gmt":"2022-09-05T09:37:23","guid":{"rendered":"https:\/\/www.test.suenhcosmetics.fr\/?post_type=product&#038;p=970"},"modified":"2025-05-22T13:52:53","modified_gmt":"2025-05-22T11:52:53","slug":"savon-infuse-a-la-fleur-de-sureau-avec-lien-100-gr","status":"publish","type":"product","link":"https:\/\/www.test.suenhcosmetics.fr\/index.php\/produit\/savon-infuse-a-la-fleur-de-sureau-avec-lien-100-gr\/","title":{"rendered":"Savon infus\u00e9 | Fleur de Sureau"},"content":{"rendered":"\t\t<div data-elementor-type=\"wp-post\" data-elementor-id=\"970\" class=\"elementor elementor-970\">\n\t\t\t\t<div class=\"elementor-element elementor-element-fbb8265 e-flex e-con-boxed e-con e-parent\" data-id=\"fbb8265\" data-element_type=\"container\">\n\t\t\t\t\t<div class=\"e-con-inner\">\n\t\t<div class=\"elementor-element elementor-element-1c2c0e4 e-con-full e-flex e-con e-child\" data-id=\"1c2c0e4\" data-element_type=\"container\">\n\t\t\t\t<\/div>\n\t\t<div class=\"elementor-element elementor-element-3b69cbe e-con-full e-flex e-con e-child\" data-id=\"3b69cbe\" data-element_type=\"container\">\n\t\t\t\t<div class=\"elementor-element elementor-element-53e00f6 elementor-widget__width-initial elementor-widget elementor-widget-image\" data-id=\"53e00f6\" data-element_type=\"widget\" data-widget_type=\"image.default\">\n\t\t\t\t<div class=\"elementor-widget-container\">\n\t\t\t\t\t\t\t\t\t\t\t\t\t\t\t<img fetchpriority=\"high\" decoding=\"async\" width=\"1024\" height=\"1024\" src=\"https:\/\/www.test.suenhcosmetics.fr\/wp-content\/uploads\/2023\/07\/IMG_7294-carre-1024x1024.jpg\" class=\"attachment-large size-large wp-image-2118\" alt=\"\" srcset=\"https:\/\/www.test.suenhcosmetics.fr\/wp-content\/uploads\/2023\/07\/IMG_7294-carre-1024x1024.jpg 1024w, https:\/\/www.test.suenhcosmetics.fr\/wp-content\/uploads\/2023\/07\/IMG_7294-carre-300x300.jpg 300w, https:\/\/www.test.suenhcosmetics.fr\/wp-content\/uploads\/2023\/07\/IMG_7294-carre-150x150.jpg 150w, https:\/\/www.test.suenhcosmetics.fr\/wp-content\/uploads\/2023\/07\/IMG_7294-carre-768x768.jpg 768w, https:\/\/www.test.suenhcosmetics.fr\/wp-content\/uploads\/2023\/07\/IMG_7294-carre-600x600.jpg 600w, https:\/\/www.test.suenhcosmetics.fr\/wp-content\/uploads\/2023\/07\/IMG_7294-carre-100x100.jpg 100w, https:\/\/www.test.suenhcosmetics.fr\/wp-content\/uploads\/2023\/07\/IMG_7294-carre.jpg 800w\" sizes=\"(max-width: 1024px) 100vw, 1024px\" \/>\t\t\t\t\t\t\t\t\t\t\t\t\t\t\t<\/div>\n\t\t\t\t<\/div>\n\t\t\t\t<\/div>\n\t\t\t\t\t<\/div>\n\t\t\t\t<\/div>\n\t\t\t\t<\/div>\n\t\t","protected":false},"excerpt":{"rendered":"<div class=\"suenh-product-box\">\n<div class=\"suenh-tags\"><span class=\"suenh-tag\">Peaux normales \u00e0 s\u00e8ches<\/span><br \/>\n<span class=\"suenh-tag\">100% d\u2019origine v\u00e9g\u00e9tale<\/span><br \/>\n<span class=\"suenh-tag\">Fabriqu\u00e9 en Occitanie<\/span><\/div>\n<p class=\"suenh-ml\">100 g | 1 \u00e0 2 mois d\u2019utilisation<\/p>\n<h3 class=\"suenh-title\">HYDRATE \u2013 ADOUCIT \u2013 REVITALISE<\/h3>\n<p>Un savon artisanal \u00e0 la <strong>fleur de Sureau<\/strong>, fabriqu\u00e9 \u00e0 la main avec des huiles bio et infusions maison. Nettoie en douceur tout en hydratant et illuminant la peau.<\/p>\n<ul class=\"suenh-list\">\n<li><strong>Hydrate<\/strong> et adoucit avec le sureau<\/li>\n<li><strong>Revitalise<\/strong> les peaux ternes<\/li>\n<li><strong>Nettoie sans agresser<\/strong> la peau<\/li>\n<li><strong>Parfum v\u00e9g\u00e9tal<\/strong> sans allerg\u00e8ne<\/li>\n<\/ul>\n<p>Disponible en version suspendue pour prolonger sa dur\u00e9e de vie.<\/p>\n<p class=\"suenh-footnote\"><strong>Fabriqu\u00e9 en saponification \u00e0 froid dans notre atelier en Occitanie, \u00e0 partir de fleurs fra\u00eeches de sureau infus\u00e9es maison.<\/strong><\/p>\n<\/div>\n","protected":false},"featured_media":3746,"comment_status":"open","ping_status":"closed","template":"","meta":{"site-sidebar-layout":"default","site-content-layout":"","ast-site-content-layout":"default","site-content-style":"default","site-sidebar-style":"default","ast-global-header-display":"","ast-banner-title-visibility":"","ast-main-header-display":"","ast-hfb-above-header-display":"","ast-hfb-below-header-display":"","ast-hfb-mobile-header-display":"","site-post-title":"","ast-breadcrumbs-content":"","ast-featured-img":"","footer-sml-layout":"","theme-transparent-header-meta":"default","adv-header-id-meta":"","stick-header-meta":"","header-above-stick-meta":"","header-main-stick-meta":"","header-below-stick-meta":"","astra-migrate-meta-layouts":"set","ast-page-background-enabled":"default","ast-page-background-meta":{"desktop":{"background-color":"var(--ast-global-color-5)","background-image":"","background-repeat":"repeat","background-position":"center center","background-size":"auto","background-attachment":"scroll","background-type":"","background-media":"","overlay-type":"","overlay-color":"","overlay-opacity":"","overlay-gradient":""},"tablet":{"background-color":"","background-image":"","background-repeat":"repeat","background-position":"center center","background-size":"auto","background-attachment":"scroll","background-type":"","background-media":"","overlay-type":"","overlay-color":"","overlay-opacity":"","overlay-gradient":""},"mobile":{"background-color":"","background-image":"","background-repeat":"repeat","background-position":"center center","background-size":"auto","background-attachment":"scroll","background-type":"","background-media":"","overlay-type":"","overlay-color":"","overlay-opacity":"","overlay-gradient":""}},"ast-content-background-meta":{"desktop":{"background-color":"var(--ast-global-color-4)","background-image":"","background-repeat":"repeat","background-position":"center center","background-size":"auto","background-attachment":"scroll","background-type":"","background-media":"","overlay-type":"","overlay-color":"","overlay-opacity":"","overlay-gradient":""},"tablet":{"background-color":"var(--ast-global-color-4)","background-image":"","background-repeat":"repeat","background-position":"center center","background-size":"auto","background-attachment":"scroll","background-type":"","background-media":"","overlay-type":"","overlay-color":"","overlay-opacity":"","overlay-gradient":""},"mobile":{"background-color":"var(--ast-global-color-4)","background-image":"","background-repeat":"repeat","background-position":"center center","background-size":"auto","background-attachment":"scroll","background-type":"","background-media":"","overlay-type":"","overlay-color":"","overlay-opacity":"","overlay-gradient":""}}},"product_brand":[],"product_cat":[52,21],"product_tag":[],"class_list":{"0":"post-970","1":"product","2":"type-product","3":"status-publish","4":"has-post-thumbnail","6":"product_cat-nettoyants-corps-cheveux","7":"product_cat-soins-corps","8":"desktop-align-left","9":"tablet-align-left","10":"mobile-align-left","12":"first","13":"instock","14":"purchasable","15":"product-type-variable"},"_links":{"self":[{"href":"https:\/\/www.test.suenhcosmetics.fr\/index.php\/wp-json\/wp\/v2\/product\/970","targetHints":{"allow":["GET"]}}],"collection":[{"href":"https:\/\/www.test.suenhcosmetics.fr\/index.php\/wp-json\/wp\/v2\/product"}],"about":[{"href":"https:\/\/www.test.suenhcosmetics.fr\/index.php\/wp-json\/wp\/v2\/types\/product"}],"replies":[{"embeddable":true,"href":"https:\/\/www.test.suenhcosmetics.fr\/index.php\/wp-json\/wp\/v2\/comments?post=970"}],"version-history":[{"count":1,"href":"https:\/\/www.test.suenhcosmetics.fr\/index.php\/wp-json\/wp\/v2\/product\/970\/revisions"}],"predecessor-version":[{"id":3658,"href":"https:\/\/www.test.suenhcosmetics.fr\/index.php\/wp-json\/wp\/v2\/product\/970\/revisions\/3658"}],"wp:featuredmedia":[{"embeddable":true,"href":"https:\/\/www.test.suenhcosmetics.fr\/index.php\/wp-json\/wp\/v2\/media\/3746"}],"wp:attachment":[{"href":"https:\/\/www.test.suenhcosmetics.fr\/index.php\/wp-json\/wp\/v2\/media?parent=970"}],"wp:term":[{"taxonomy":"product_brand","embeddable":true,"href":"https:\/\/www.test.suenhcosmetics.fr\/index.php\/wp-json\/wp\/v2\/product_brand?post=970"},{"taxonomy":"product_cat","embeddable":true,"href":"https:\/\/www.test.suenhcosmetics.fr\/index.php\/wp-json\/wp\/v2\/product_cat?post=970"},{"taxonomy":"product_tag","embeddable":true,"href":"https:\/\/www.test.suenhcosmetics.fr\/index.php\/wp-json\/wp\/v2\/product_tag?post=970"}],"curies":[{"name":"wp","href":"https:\/\/api.w.org\/{rel}","templated":true}]}}