{"id":960,"date":"2022-09-05T11:23:10","date_gmt":"2022-09-05T09:23:10","guid":{"rendered":"https:\/\/www.test.suenhcosmetics.fr\/?post_type=product&#038;p=960"},"modified":"2025-05-19T10:45:12","modified_gmt":"2025-05-19T08:45:12","slug":"savon-infuse-a-la-feuille-dortie-avec-lien-100-gr","status":"publish","type":"product","link":"https:\/\/www.test.suenhcosmetics.fr\/index.php\/produit\/savon-infuse-a-la-feuille-dortie-avec-lien-100-gr\/","title":{"rendered":"Savon Infus\u00e9 | Feuille d&rsquo;Ortie"},"content":{"rendered":"\t\t<div data-elementor-type=\"wp-post\" data-elementor-id=\"960\" class=\"elementor elementor-960\">\n\t\t\t\t<div class=\"elementor-element elementor-element-bb78d9d e-flex e-con-boxed e-con e-parent\" data-id=\"bb78d9d\" data-element_type=\"container\">\n\t\t\t\t\t<div class=\"e-con-inner\">\n\t\t<div class=\"elementor-element elementor-element-ef6662d e-con-full e-flex e-con e-child\" data-id=\"ef6662d\" data-element_type=\"container\">\n\t\t\t\t<\/div>\n\t\t<div class=\"elementor-element elementor-element-d4f8e18 e-con-full e-flex e-con e-child\" data-id=\"d4f8e18\" data-element_type=\"container\">\n\t\t\t\t<div class=\"elementor-element elementor-element-c8343fa elementor-widget__width-initial elementor-widget elementor-widget-image\" data-id=\"c8343fa\" data-element_type=\"widget\" data-widget_type=\"image.default\">\n\t\t\t\t<div class=\"elementor-widget-container\">\n\t\t\t\t\t\t\t\t\t\t\t\t\t\t\t<img fetchpriority=\"high\" decoding=\"async\" width=\"800\" height=\"800\" src=\"https:\/\/www.test.suenhcosmetics.fr\/wp-content\/uploads\/2022\/09\/IMG_0909.jpg\" class=\"attachment-large size-large wp-image-1952\" alt=\"\" srcset=\"https:\/\/www.test.suenhcosmetics.fr\/wp-content\/uploads\/2022\/09\/IMG_0909.jpg 800w, https:\/\/www.test.suenhcosmetics.fr\/wp-content\/uploads\/2022\/09\/IMG_0909-300x300.jpg 300w, https:\/\/www.test.suenhcosmetics.fr\/wp-content\/uploads\/2022\/09\/IMG_0909-150x150.jpg 150w, https:\/\/www.test.suenhcosmetics.fr\/wp-content\/uploads\/2022\/09\/IMG_0909-768x768.jpg 768w, https:\/\/www.test.suenhcosmetics.fr\/wp-content\/uploads\/2022\/09\/IMG_0909-600x600.jpg 600w, https:\/\/www.test.suenhcosmetics.fr\/wp-content\/uploads\/2022\/09\/IMG_0909-100x100.jpg 100w\" sizes=\"(max-width: 800px) 100vw, 800px\" \/>\t\t\t\t\t\t\t\t\t\t\t\t\t\t\t<\/div>\n\t\t\t\t<\/div>\n\t\t\t\t<\/div>\n\t\t\t\t\t<\/div>\n\t\t\t\t<\/div>\n\t\t\t\t<\/div>\n\t\t","protected":false},"excerpt":{"rendered":"<div class=\"suenh-product-box\">\n<div class=\"suenh-tags\"><span class=\"suenh-tag\">Peaux normales \u00e0 mixtes<\/span><br \/>\n<span class=\"suenh-tag\">100% d\u2019origine v\u00e9g\u00e9tale<\/span><br \/>\n<span class=\"suenh-tag\">Fabriqu\u00e9 en Occitanie<\/span><\/div>\n<p class=\"suenh-ml\">100 g | 1 \u00e0 2 mois d\u2019utilisation<\/p>\n<h3 class=\"suenh-title\">PURIFIE \u2013 TONIFIE \u2013 \u00c9QUILIBRE<\/h3>\n<p>Ce savon \u00e0 l\u2019<strong>ortie fra\u00eeche<\/strong> nettoie en douceur, r\u00e9gule le s\u00e9bum et tonifie la peau. Id\u00e9al pour les peaux sujettes aux imperfections.<\/p>\n<ul class=\"suenh-list\">\n<li><strong>Purifie<\/strong> et \u00e9quilibre les peaux mixtes<\/li>\n<li><strong>Riche en min\u00e9raux<\/strong> et silice<\/li>\n<li><strong>Parfum v\u00e9g\u00e9tal<\/strong> sans allerg\u00e8ne<\/li>\n<li><strong>Forme suspendue disponible<\/strong> pour une meilleure conservation<\/li>\n<\/ul>\n<p>Couleur verte 100% naturelle \u00e0 la poudre d\u2019ortie.<\/p>\n<p class=\"suenh-footnote\"><strong>Fabriqu\u00e9 artisanalement avec mac\u00e9r\u00e2t et poudre d\u2019ortie sauvage, dans notre atelier d\u2019Occitanie.<\/strong><\/p>\n<\/div>\n","protected":false},"featured_media":3749,"comment_status":"open","ping_status":"closed","template":"","meta":{"site-sidebar-layout":"no-sidebar","site-content-layout":"","ast-site-content-layout":"normal-width-container","site-content-style":"unboxed","site-sidebar-style":"unboxed","ast-global-header-display":"","ast-banner-title-visibility":"","ast-main-header-display":"","ast-hfb-above-header-display":"","ast-hfb-below-header-display":"","ast-hfb-mobile-header-display":"","site-post-title":"","ast-breadcrumbs-content":"","ast-featured-img":"","footer-sml-layout":"","theme-transparent-header-meta":"default","adv-header-id-meta":"","stick-header-meta":"","header-above-stick-meta":"","header-main-stick-meta":"","header-below-stick-meta":"","astra-migrate-meta-layouts":"set","ast-page-background-enabled":"default","ast-page-background-meta":{"desktop":{"background-color":"var(--ast-global-color-5)","background-image":"","background-repeat":"repeat","background-position":"center center","background-size":"auto","background-attachment":"scroll","background-type":"","background-media":"","overlay-type":"","overlay-color":"","overlay-opacity":"","overlay-gradient":""},"tablet":{"background-color":"","background-image":"","background-repeat":"repeat","background-position":"center center","background-size":"auto","background-attachment":"scroll","background-type":"","background-media":"","overlay-type":"","overlay-color":"","overlay-opacity":"","overlay-gradient":""},"mobile":{"background-color":"","background-image":"","background-repeat":"repeat","background-position":"center center","background-size":"auto","background-attachment":"scroll","background-type":"","background-media":"","overlay-type":"","overlay-color":"","overlay-opacity":"","overlay-gradient":""}},"ast-content-background-meta":{"desktop":{"background-color":"var(--ast-global-color-4)","background-image":"","background-repeat":"repeat","background-position":"center center","background-size":"auto","background-attachment":"scroll","background-type":"","background-media":"","overlay-type":"","overlay-color":"","overlay-opacity":"","overlay-gradient":""},"tablet":{"background-color":"var(--ast-global-color-4)","background-image":"","background-repeat":"repeat","background-position":"center center","background-size":"auto","background-attachment":"scroll","background-type":"","background-media":"","overlay-type":"","overlay-color":"","overlay-opacity":"","overlay-gradient":""},"mobile":{"background-color":"var(--ast-global-color-4)","background-image":"","background-repeat":"repeat","background-position":"center center","background-size":"auto","background-attachment":"scroll","background-type":"","background-media":"","overlay-type":"","overlay-color":"","overlay-opacity":"","overlay-gradient":""}}},"product_brand":[],"product_cat":[52,21],"product_tag":[],"class_list":{"0":"post-960","1":"product","2":"type-product","3":"status-publish","4":"has-post-thumbnail","6":"product_cat-nettoyants-corps-cheveux","7":"product_cat-soins-corps","8":"desktop-align-left","9":"tablet-align-left","10":"mobile-align-left","12":"first","13":"instock","14":"purchasable","15":"product-type-variable"},"_links":{"self":[{"href":"https:\/\/www.test.suenhcosmetics.fr\/index.php\/wp-json\/wp\/v2\/product\/960","targetHints":{"allow":["GET"]}}],"collection":[{"href":"https:\/\/www.test.suenhcosmetics.fr\/index.php\/wp-json\/wp\/v2\/product"}],"about":[{"href":"https:\/\/www.test.suenhcosmetics.fr\/index.php\/wp-json\/wp\/v2\/types\/product"}],"replies":[{"embeddable":true,"href":"https:\/\/www.test.suenhcosmetics.fr\/index.php\/wp-json\/wp\/v2\/comments?post=960"}],"version-history":[{"count":1,"href":"https:\/\/www.test.suenhcosmetics.fr\/index.php\/wp-json\/wp\/v2\/product\/960\/revisions"}],"predecessor-version":[{"id":3660,"href":"https:\/\/www.test.suenhcosmetics.fr\/index.php\/wp-json\/wp\/v2\/product\/960\/revisions\/3660"}],"wp:featuredmedia":[{"embeddable":true,"href":"https:\/\/www.test.suenhcosmetics.fr\/index.php\/wp-json\/wp\/v2\/media\/3749"}],"wp:attachment":[{"href":"https:\/\/www.test.suenhcosmetics.fr\/index.php\/wp-json\/wp\/v2\/media?parent=960"}],"wp:term":[{"taxonomy":"product_brand","embeddable":true,"href":"https:\/\/www.test.suenhcosmetics.fr\/index.php\/wp-json\/wp\/v2\/product_brand?post=960"},{"taxonomy":"product_cat","embeddable":true,"href":"https:\/\/www.test.suenhcosmetics.fr\/index.php\/wp-json\/wp\/v2\/product_cat?post=960"},{"taxonomy":"product_tag","embeddable":true,"href":"https:\/\/www.test.suenhcosmetics.fr\/index.php\/wp-json\/wp\/v2\/product_tag?post=960"}],"curies":[{"name":"wp","href":"https:\/\/api.w.org\/{rel}","templated":true}]}}