{"id":4063,"date":"2025-05-23T11:25:48","date_gmt":"2025-05-23T09:25:48","guid":{"rendered":"https:\/\/www.test.suenhcosmetics.fr\/?post_type=product&#038;p=4063"},"modified":"2025-05-23T12:19:50","modified_gmt":"2025-05-23T10:19:50","slug":"rituel-eclat","status":"publish","type":"product","link":"https:\/\/www.test.suenhcosmetics.fr\/index.php\/produit\/rituel-eclat\/","title":{"rendered":"Rituel \u00c9clat"},"content":{"rendered":"","protected":false},"excerpt":{"rendered":"<div class=\"fiche-produit\">\n<h2>Rituel \u00c9clat<\/h2>\n<h3>Gel\u00e9e D\u00e9maquillante, Lotion Calendula, S\u00e9rum \u00c9clat &amp; Gua Sha Bois<\/h3>\n<p class=\"type-peau\">Visage \u2013 Tous types de peaux<\/p>\n<p class=\"description\">Un rituel sensoriel complet pour nettoyer, apaiser, illuminer et activer l\u2019\u00e9clat de la peau, en 4 \u00e9tapes naturelles et efficaces.<\/p>\n<p><strong>\u00c9tape 1 \u2013 <a href=\"https:\/\/www.test.suenhcosmetics.fr\/index.php\/produit\/gelee-demaquillante-nettoyante-calendula\/\">Gel\u00e9e D\u00e9maquillante<\/a> :<\/strong> nettoie et d\u00e9maquille en douceur. Sa texture huileuse se transforme en lait au contact de l\u2019eau pour une peau propre, souple et apais\u00e9e.<br \/>\n<strong>\u00c9tape 2 \u2013 <a href=\"https:\/\/www.test.suenhcosmetics.fr\/index.php\/produit\/gelee-demaquillante-nettoyante-calendula\/\">Lotion Calendula<\/a> :<\/strong> 100% hydrolat pur, sans conservateur. R\u00e9\u00e9quilibre, apaise et pr\u00e9pare la peau. Id\u00e9ale en duo avec le s\u00e9rum pour remplacer la cr\u00e8me.<br \/>\n<strong>\u00c9tape 3 \u2013 <a href=\"https:\/\/www.test.suenhcosmetics.fr\/index.php\/produit\/serum-eclat\/\">S\u00e9rum \u00c9clat<\/a> :<\/strong> huiles v\u00e9g\u00e9tales fran\u00e7aises. Nourrit, prot\u00e8ge, illumine. \u00c0 appliquer sur peau humide pour maximiser l\u2019\u00e9clat.<br \/>\n<strong>\u00c9tape 4 \u2013 <a href=\"https:\/\/www.test.suenhcosmetics.fr\/index.php\/produit\/gua-sha-en-bois-francais\/\">Gua Sha bois<\/a> :<\/strong> stimule, tonifie, active la microcirculation. Bois de h\u00eatre local, doux et durable.<\/p>\n<p class=\"note\">Un soin minimaliste et puissant : 100% plantes locales, sans conservateurs, con\u00e7u \u00e0 la ferme pour r\u00e9v\u00e9ler l\u2019\u00e9clat naturel de votre peau.<\/p>\n<p>Chaque formule est issue de plantes cultiv\u00e9es, r\u00e9colt\u00e9es et transform\u00e9es \u00e0 la main. La Gel\u00e9e nettoie sans agresser, la Lotion r\u00e9\u00e9quilibre, le S\u00e9rum nourrit intens\u00e9ment, et le Gua Sha booste les bienfaits de l\u2019ensemble. Ce rituel est une v\u00e9ritable alternative \u00e0 la cr\u00e8me classique : plus pur, plus efficace, plus sensoriel.<\/p>\n<\/div>\n","protected":false},"featured_media":4064,"comment_status":"open","ping_status":"closed","template":"","meta":{"site-sidebar-layout":"default","site-content-layout":"","ast-site-content-layout":"default","site-content-style":"default","site-sidebar-style":"default","ast-global-header-display":"","ast-banner-title-visibility":"","ast-main-header-display":"","ast-hfb-above-header-display":"","ast-hfb-below-header-display":"","ast-hfb-mobile-header-display":"","site-post-title":"","ast-breadcrumbs-content":"","ast-featured-img":"","footer-sml-layout":"","theme-transparent-header-meta":"default","adv-header-id-meta":"","stick-header-meta":"","header-above-stick-meta":"","header-main-stick-meta":"","header-below-stick-meta":"","astra-migrate-meta-layouts":"set","ast-page-background-enabled":"default","ast-page-background-meta":{"desktop":{"background-color":"var(--ast-global-color-5)","background-image":"","background-repeat":"repeat","background-position":"center center","background-size":"auto","background-attachment":"scroll","background-type":"","background-media":"","overlay-type":"","overlay-color":"","overlay-opacity":"","overlay-gradient":""},"tablet":{"background-color":"","background-image":"","background-repeat":"repeat","background-position":"center center","background-size":"auto","background-attachment":"scroll","background-type":"","background-media":"","overlay-type":"","overlay-color":"","overlay-opacity":"","overlay-gradient":""},"mobile":{"background-color":"","background-image":"","background-repeat":"repeat","background-position":"center center","background-size":"auto","background-attachment":"scroll","background-type":"","background-media":"","overlay-type":"","overlay-color":"","overlay-opacity":"","overlay-gradient":""}},"ast-content-background-meta":{"desktop":{"background-color":"var(--ast-global-color-4)","background-image":"","background-repeat":"repeat","background-position":"center center","background-size":"auto","background-attachment":"scroll","background-type":"","background-media":"","overlay-type":"","overlay-color":"","overlay-opacity":"","overlay-gradient":""},"tablet":{"background-color":"var(--ast-global-color-4)","background-image":"","background-repeat":"repeat","background-position":"center center","background-size":"auto","background-attachment":"scroll","background-type":"","background-media":"","overlay-type":"","overlay-color":"","overlay-opacity":"","overlay-gradient":""},"mobile":{"background-color":"var(--ast-global-color-4)","background-image":"","background-repeat":"repeat","background-position":"center center","background-size":"auto","background-attachment":"scroll","background-type":"","background-media":"","overlay-type":"","overlay-color":"","overlay-opacity":"","overlay-gradient":""}}},"product_brand":[],"product_cat":[16,22],"product_tag":[],"class_list":{"0":"post-4063","1":"product","2":"type-product","3":"status-publish","4":"has-post-thumbnail","6":"product_cat-non-classe","7":"product_cat-packs-routines","8":"desktop-align-left","9":"tablet-align-left","10":"mobile-align-left","12":"first","13":"instock","14":"shipping-taxable","15":"purchasable","16":"product-type-simple"},"_links":{"self":[{"href":"https:\/\/www.test.suenhcosmetics.fr\/index.php\/wp-json\/wp\/v2\/product\/4063","targetHints":{"allow":["GET"]}}],"collection":[{"href":"https:\/\/www.test.suenhcosmetics.fr\/index.php\/wp-json\/wp\/v2\/product"}],"about":[{"href":"https:\/\/www.test.suenhcosmetics.fr\/index.php\/wp-json\/wp\/v2\/types\/product"}],"replies":[{"embeddable":true,"href":"https:\/\/www.test.suenhcosmetics.fr\/index.php\/wp-json\/wp\/v2\/comments?post=4063"}],"version-history":[{"count":2,"href":"https:\/\/www.test.suenhcosmetics.fr\/index.php\/wp-json\/wp\/v2\/product\/4063\/revisions"}],"predecessor-version":[{"id":4066,"href":"https:\/\/www.test.suenhcosmetics.fr\/index.php\/wp-json\/wp\/v2\/product\/4063\/revisions\/4066"}],"wp:featuredmedia":[{"embeddable":true,"href":"https:\/\/www.test.suenhcosmetics.fr\/index.php\/wp-json\/wp\/v2\/media\/4064"}],"wp:attachment":[{"href":"https:\/\/www.test.suenhcosmetics.fr\/index.php\/wp-json\/wp\/v2\/media?parent=4063"}],"wp:term":[{"taxonomy":"product_brand","embeddable":true,"href":"https:\/\/www.test.suenhcosmetics.fr\/index.php\/wp-json\/wp\/v2\/product_brand?post=4063"},{"taxonomy":"product_cat","embeddable":true,"href":"https:\/\/www.test.suenhcosmetics.fr\/index.php\/wp-json\/wp\/v2\/product_cat?post=4063"},{"taxonomy":"product_tag","embeddable":true,"href":"https:\/\/www.test.suenhcosmetics.fr\/index.php\/wp-json\/wp\/v2\/product_tag?post=4063"}],"curies":[{"name":"wp","href":"https:\/\/api.w.org\/{rel}","templated":true}]}}