{"id":3168,"date":"2025-04-30T14:43:42","date_gmt":"2025-04-30T12:43:42","guid":{"rendered":"https:\/\/www.test.suenhcosmetics.fr\/?post_type=product&#038;p=3168"},"modified":"2025-05-22T19:09:50","modified_gmt":"2025-05-22T17:09:50","slug":"rituel-purete","status":"publish","type":"product","link":"https:\/\/www.test.suenhcosmetics.fr\/index.php\/produit\/rituel-purete\/","title":{"rendered":"Rituel Puret\u00e9"},"content":{"rendered":"","protected":false},"excerpt":{"rendered":"<div class=\"fiche-produit\">\n<h3>Savon visage Ortie &amp; Lotion botanique Achill\u00e9e Millefeuille<\/h3>\n<h3>+ 1 lingette lavable<\/h3>\n<p class=\"type-peau\">Peau mixte \u2013 Imperfections \u2013 D\u00e9shydratation<\/p>\n<p class=\"description\">Un duo botanique essentiel pour nettoyer en douceur, purifier, apaiser et hydrater votre peau au quotidien.<\/p>\n<p>Ce Duo est compos\u00e9 de notre <a href=\"https:\/\/www.test.suenhcosmetics.fr\/index.php\/produit\/savon-visage-extraits-botaniques-dortie\/\">Savon Visage aux Extraits Botaniques d\u2019Ortie<\/a> et de notre <a href=\"https:\/\/www.test.suenhcosmetics.fr\/index.php\/produit\/lotion-botanique-achillee-mille-feuilles\/\">Lotion Botanique \u00e0 l\u2019Achill\u00e9e Mille-feuille.<\/a><\/p>\n<p>Le Savon Visage \u00e0 l\u2019Ortie nettoie efficacement sans agresser, gr\u00e2ce \u00e0 sa base douce enrichie en plantes purifiantes.<br \/>\nLa Lotion \u00e0 l\u2019Achill\u00e9e, naturellement acide, r\u00e9\u00e9quilibre le pH de la peau apr\u00e8s le nettoyage, r\u00e9gule le s\u00e9bum, apaise les rougeurs et pr\u00e9pare id\u00e9alement la peau \u00e0 recevoir un soin.<\/p>\n<p><strong>Pourquoi les deux devraient \u00eatre ins\u00e9parables ?<\/strong><br \/>\nApr\u00e8s le nettoyage, la peau voit son pH l\u00e9g\u00e8rement perturb\u00e9, m\u00eame avec un savon doux.<br \/>\nLa lotion vient restaurer cet \u00e9quilibre acide essentiel \u00e0 la bonne sant\u00e9 de la peau, limitant ainsi l\u2019apparition d\u2019imperfections, de s\u00e9cheresses ou de rougeurs.<\/p>\n<p class=\"note\">Ensemble, ils forment un rituel complet, \u00e9quilibr\u00e9, et respectueux de votre peau.<\/p>\n<\/div>\n","protected":false},"featured_media":3844,"comment_status":"open","ping_status":"closed","template":"","meta":{"site-sidebar-layout":"default","site-content-layout":"","ast-site-content-layout":"default","site-content-style":"default","site-sidebar-style":"default","ast-global-header-display":"","ast-banner-title-visibility":"","ast-main-header-display":"","ast-hfb-above-header-display":"","ast-hfb-below-header-display":"","ast-hfb-mobile-header-display":"","site-post-title":"","ast-breadcrumbs-content":"","ast-featured-img":"","footer-sml-layout":"","theme-transparent-header-meta":"default","adv-header-id-meta":"","stick-header-meta":"","header-above-stick-meta":"","header-main-stick-meta":"","header-below-stick-meta":"","astra-migrate-meta-layouts":"set","ast-page-background-enabled":"default","ast-page-background-meta":{"desktop":{"background-color":"var(--ast-global-color-5)","background-image":"","background-repeat":"repeat","background-position":"center center","background-size":"auto","background-attachment":"scroll","background-type":"","background-media":"","overlay-type":"","overlay-color":"","overlay-opacity":"","overlay-gradient":""},"tablet":{"background-color":"","background-image":"","background-repeat":"repeat","background-position":"center center","background-size":"auto","background-attachment":"scroll","background-type":"","background-media":"","overlay-type":"","overlay-color":"","overlay-opacity":"","overlay-gradient":""},"mobile":{"background-color":"","background-image":"","background-repeat":"repeat","background-position":"center center","background-size":"auto","background-attachment":"scroll","background-type":"","background-media":"","overlay-type":"","overlay-color":"","overlay-opacity":"","overlay-gradient":""}},"ast-content-background-meta":{"desktop":{"background-color":"var(--ast-global-color-4)","background-image":"","background-repeat":"repeat","background-position":"center center","background-size":"auto","background-attachment":"scroll","background-type":"","background-media":"","overlay-type":"","overlay-color":"","overlay-opacity":"","overlay-gradient":""},"tablet":{"background-color":"var(--ast-global-color-4)","background-image":"","background-repeat":"repeat","background-position":"center center","background-size":"auto","background-attachment":"scroll","background-type":"","background-media":"","overlay-type":"","overlay-color":"","overlay-opacity":"","overlay-gradient":""},"mobile":{"background-color":"var(--ast-global-color-4)","background-image":"","background-repeat":"repeat","background-position":"center center","background-size":"auto","background-attachment":"scroll","background-type":"","background-media":"","overlay-type":"","overlay-color":"","overlay-opacity":"","overlay-gradient":""}}},"product_brand":[],"product_cat":[16],"product_tag":[],"class_list":{"0":"post-3168","1":"product","2":"type-product","3":"status-publish","4":"has-post-thumbnail","6":"product_cat-non-classe","7":"desktop-align-left","8":"tablet-align-left","9":"mobile-align-left","11":"first","12":"instock","13":"shipping-taxable","14":"purchasable","15":"product-type-simple"},"_links":{"self":[{"href":"https:\/\/www.test.suenhcosmetics.fr\/index.php\/wp-json\/wp\/v2\/product\/3168","targetHints":{"allow":["GET"]}}],"collection":[{"href":"https:\/\/www.test.suenhcosmetics.fr\/index.php\/wp-json\/wp\/v2\/product"}],"about":[{"href":"https:\/\/www.test.suenhcosmetics.fr\/index.php\/wp-json\/wp\/v2\/types\/product"}],"replies":[{"embeddable":true,"href":"https:\/\/www.test.suenhcosmetics.fr\/index.php\/wp-json\/wp\/v2\/comments?post=3168"}],"version-history":[{"count":3,"href":"https:\/\/www.test.suenhcosmetics.fr\/index.php\/wp-json\/wp\/v2\/product\/3168\/revisions"}],"predecessor-version":[{"id":4009,"href":"https:\/\/www.test.suenhcosmetics.fr\/index.php\/wp-json\/wp\/v2\/product\/3168\/revisions\/4009"}],"wp:featuredmedia":[{"embeddable":true,"href":"https:\/\/www.test.suenhcosmetics.fr\/index.php\/wp-json\/wp\/v2\/media\/3844"}],"wp:attachment":[{"href":"https:\/\/www.test.suenhcosmetics.fr\/index.php\/wp-json\/wp\/v2\/media?parent=3168"}],"wp:term":[{"taxonomy":"product_brand","embeddable":true,"href":"https:\/\/www.test.suenhcosmetics.fr\/index.php\/wp-json\/wp\/v2\/product_brand?post=3168"},{"taxonomy":"product_cat","embeddable":true,"href":"https:\/\/www.test.suenhcosmetics.fr\/index.php\/wp-json\/wp\/v2\/product_cat?post=3168"},{"taxonomy":"product_tag","embeddable":true,"href":"https:\/\/www.test.suenhcosmetics.fr\/index.php\/wp-json\/wp\/v2\/product_tag?post=3168"}],"curies":[{"name":"wp","href":"https:\/\/api.w.org\/{rel}","templated":true}]}}