{"id":1958,"date":"2025-04-10T15:51:58","date_gmt":"2025-04-10T13:51:58","guid":{"rendered":"https:\/\/www.test.suenhcosmetics.fr\/?post_type=product&#038;p=1958"},"modified":"2025-05-15T23:07:48","modified_gmt":"2025-05-15T21:07:48","slug":"lotion-botanique-hydratante-fleur-de-sureau","status":"publish","type":"product","link":"https:\/\/www.test.suenhcosmetics.fr\/index.php\/produit\/lotion-botanique-hydratante-fleur-de-sureau\/","title":{"rendered":"Lotion Botanique | Fleur de Sureau"},"content":{"rendered":"\t\t<div data-elementor-type=\"wp-post\" data-elementor-id=\"1958\" class=\"elementor elementor-1958\">\n\t\t\t\t<div class=\"elementor-element elementor-element-e464d2a e-flex e-con-boxed e-con e-parent\" data-id=\"e464d2a\" data-element_type=\"container\">\n\t\t\t\t\t<div class=\"e-con-inner\">\n\t\t<div class=\"elementor-element elementor-element-e6dde0f e-con-full e-flex e-con e-child\" data-id=\"e6dde0f\" data-element_type=\"container\">\n\t\t\t\t<\/div>\n\t\t<div class=\"elementor-element elementor-element-72e591f e-con-full e-flex e-con e-child\" data-id=\"72e591f\" data-element_type=\"container\">\n\t\t\t\t<div class=\"elementor-element elementor-element-1d9e9ad elementor-widget__width-initial elementor-widget elementor-widget-image\" data-id=\"1d9e9ad\" data-element_type=\"widget\" data-widget_type=\"image.default\">\n\t\t\t\t<div class=\"elementor-widget-container\">\n\t\t\t\t\t\t\t\t\t\t\t\t\t\t\t<img fetchpriority=\"high\" decoding=\"async\" width=\"800\" height=\"800\" src=\"https:\/\/www.test.suenhcosmetics.fr\/wp-content\/uploads\/2025\/04\/HA-sureau-2.jpg\" class=\"attachment-large size-large wp-image-1960\" alt=\"\" srcset=\"https:\/\/www.test.suenhcosmetics.fr\/wp-content\/uploads\/2025\/04\/HA-sureau-2.jpg 800w, https:\/\/www.test.suenhcosmetics.fr\/wp-content\/uploads\/2025\/04\/HA-sureau-2-300x300.jpg 300w, https:\/\/www.test.suenhcosmetics.fr\/wp-content\/uploads\/2025\/04\/HA-sureau-2-150x150.jpg 150w, https:\/\/www.test.suenhcosmetics.fr\/wp-content\/uploads\/2025\/04\/HA-sureau-2-768x768.jpg 768w, https:\/\/www.test.suenhcosmetics.fr\/wp-content\/uploads\/2025\/04\/HA-sureau-2-600x600.jpg 600w, https:\/\/www.test.suenhcosmetics.fr\/wp-content\/uploads\/2025\/04\/HA-sureau-2-100x100.jpg 100w\" sizes=\"(max-width: 800px) 100vw, 800px\" \/>\t\t\t\t\t\t\t\t\t\t\t\t\t\t\t<\/div>\n\t\t\t\t<\/div>\n\t\t\t\t<\/div>\n\t\t\t\t\t<\/div>\n\t\t\t\t<\/div>\n\t\t\t\t<\/div>\n\t\t","protected":false},"excerpt":{"rendered":"<div class=\"suenh-product-box\">\n<div class=\"suenh-tags\"><span class=\"suenh-tag\">Peaux s\u00e8ches, ternes, sensibles<\/span><br \/>\n<span class=\"suenh-tag\">100% hydrolat pur<\/span><br \/>\n<span class=\"suenh-tag\">Fleurs de sureau sauvages<\/span><\/div>\n<p class=\"suenh-ml\">50 ml | \u00c0 utiliser sous 3 mois apr\u00e8s ouverture<\/p>\n<h3 class=\"suenh-title\">HYDRATE \u2013 ADOUCIT \u2013 REVITALISE<\/h3>\n<p>D\u00e9licate et florale, cette lotion botanique \u00e0 la <strong>fleur de sureau noir<\/strong> apaise, hydrate et redonne de l\u2019\u00e9clat aux peaux s\u00e8ches ou fatigu\u00e9es. Son action d\u00e9congestionnante en fait aussi une alli\u00e9e pr\u00e9cieuse pour les paupi\u00e8res gonfl\u00e9es.<\/p>\n<ul class=\"suenh-list\">\n<li><strong>Hydrate<\/strong> et adoucit les peaux s\u00e8ches et sensibles<\/li>\n<li><strong>Illumine<\/strong> les teints ternes<\/li>\n<li><strong>Calme<\/strong> rougeurs et tiraillements<\/li>\n<li><strong>D\u00e9congestionne<\/strong> les paupi\u00e8res et les yeux fatigu\u00e9s<\/li>\n<\/ul>\n<p>Une brume fra\u00eeche \u00e0 utiliser seule ou avant votre soin, au quotidien ou en compresse pour apaiser.<\/p>\n<p class=\"suenh-footnote\"><strong>Distill\u00e9e \u00e0 la vapeur d\u2019eau de source dans notre atelier en Occitanie, sans conservateur ni parfum ajout\u00e9.<\/strong><\/p>\n<\/div>\n","protected":false},"featured_media":3757,"comment_status":"open","ping_status":"closed","template":"","meta":{"site-sidebar-layout":"no-sidebar","site-content-layout":"","ast-site-content-layout":"normal-width-container","site-content-style":"unboxed","site-sidebar-style":"unboxed","ast-global-header-display":"","ast-banner-title-visibility":"","ast-main-header-display":"","ast-hfb-above-header-display":"","ast-hfb-below-header-display":"","ast-hfb-mobile-header-display":"","site-post-title":"","ast-breadcrumbs-content":"","ast-featured-img":"","footer-sml-layout":"","theme-transparent-header-meta":"default","adv-header-id-meta":"","stick-header-meta":"","header-above-stick-meta":"","header-main-stick-meta":"","header-below-stick-meta":"","astra-migrate-meta-layouts":"set","ast-page-background-enabled":"default","ast-page-background-meta":{"desktop":{"background-color":"var(--ast-global-color-5)","background-image":"","background-repeat":"repeat","background-position":"center center","background-size":"auto","background-attachment":"scroll","background-type":"","background-media":"","overlay-type":"","overlay-color":"","overlay-opacity":"","overlay-gradient":""},"tablet":{"background-color":"","background-image":"","background-repeat":"repeat","background-position":"center center","background-size":"auto","background-attachment":"scroll","background-type":"","background-media":"","overlay-type":"","overlay-color":"","overlay-opacity":"","overlay-gradient":""},"mobile":{"background-color":"","background-image":"","background-repeat":"repeat","background-position":"center center","background-size":"auto","background-attachment":"scroll","background-type":"","background-media":"","overlay-type":"","overlay-color":"","overlay-opacity":"","overlay-gradient":""}},"ast-content-background-meta":{"desktop":{"background-color":"var(--ast-global-color-4)","background-image":"","background-repeat":"repeat","background-position":"center center","background-size":"auto","background-attachment":"scroll","background-type":"","background-media":"","overlay-type":"","overlay-color":"","overlay-opacity":"","overlay-gradient":""},"tablet":{"background-color":"var(--ast-global-color-4)","background-image":"","background-repeat":"repeat","background-position":"center center","background-size":"auto","background-attachment":"scroll","background-type":"","background-media":"","overlay-type":"","overlay-color":"","overlay-opacity":"","overlay-gradient":""},"mobile":{"background-color":"var(--ast-global-color-4)","background-image":"","background-repeat":"repeat","background-position":"center center","background-size":"auto","background-attachment":"scroll","background-type":"","background-media":"","overlay-type":"","overlay-color":"","overlay-opacity":"","overlay-gradient":""}}},"product_brand":[],"product_cat":[53,47,55,20],"product_tag":[36],"class_list":{"0":"post-1958","1":"product","2":"type-product","3":"status-publish","4":"has-post-thumbnail","6":"product_cat-deshydratation","7":"product_cat-lotions-botaniques","8":"product_cat-teint-terne","9":"product_cat-soins-visages","10":"product_tag-lotion-sureau","11":"desktop-align-left","12":"tablet-align-left","13":"mobile-align-left","15":"first","16":"instock","17":"purchasable","18":"product-type-simple"},"_links":{"self":[{"href":"https:\/\/www.test.suenhcosmetics.fr\/index.php\/wp-json\/wp\/v2\/product\/1958","targetHints":{"allow":["GET"]}}],"collection":[{"href":"https:\/\/www.test.suenhcosmetics.fr\/index.php\/wp-json\/wp\/v2\/product"}],"about":[{"href":"https:\/\/www.test.suenhcosmetics.fr\/index.php\/wp-json\/wp\/v2\/types\/product"}],"replies":[{"embeddable":true,"href":"https:\/\/www.test.suenhcosmetics.fr\/index.php\/wp-json\/wp\/v2\/comments?post=1958"}],"version-history":[{"count":1,"href":"https:\/\/www.test.suenhcosmetics.fr\/index.php\/wp-json\/wp\/v2\/product\/1958\/revisions"}],"predecessor-version":[{"id":3513,"href":"https:\/\/www.test.suenhcosmetics.fr\/index.php\/wp-json\/wp\/v2\/product\/1958\/revisions\/3513"}],"wp:featuredmedia":[{"embeddable":true,"href":"https:\/\/www.test.suenhcosmetics.fr\/index.php\/wp-json\/wp\/v2\/media\/3757"}],"wp:attachment":[{"href":"https:\/\/www.test.suenhcosmetics.fr\/index.php\/wp-json\/wp\/v2\/media?parent=1958"}],"wp:term":[{"taxonomy":"product_brand","embeddable":true,"href":"https:\/\/www.test.suenhcosmetics.fr\/index.php\/wp-json\/wp\/v2\/product_brand?post=1958"},{"taxonomy":"product_cat","embeddable":true,"href":"https:\/\/www.test.suenhcosmetics.fr\/index.php\/wp-json\/wp\/v2\/product_cat?post=1958"},{"taxonomy":"product_tag","embeddable":true,"href":"https:\/\/www.test.suenhcosmetics.fr\/index.php\/wp-json\/wp\/v2\/product_tag?post=1958"}],"curies":[{"name":"wp","href":"https:\/\/api.w.org\/{rel}","templated":true}]}}