{"id":1302,"date":"2024-11-26T22:46:20","date_gmt":"2024-11-26T21:46:20","guid":{"rendered":"https:\/\/www.test.suenhcosmetics.fr\/?post_type=product&#038;p=1302"},"modified":"2025-05-28T14:18:28","modified_gmt":"2025-05-28T12:18:28","slug":"gua-sha-en-bois-francais","status":"publish","type":"product","link":"https:\/\/www.test.suenhcosmetics.fr\/index.php\/produit\/gua-sha-en-bois-francais\/","title":{"rendered":"Gua Sha en Bois Fran\u00e7ais"},"content":{"rendered":"\t\t<div data-elementor-type=\"wp-post\" data-elementor-id=\"1302\" class=\"elementor elementor-1302\">\n\t\t\t\t<div class=\"elementor-element elementor-element-7919b49 e-flex e-con-boxed e-con e-parent\" data-id=\"7919b49\" data-element_type=\"container\">\n\t\t\t\t\t<div class=\"e-con-inner\">\n\t\t<div class=\"elementor-element elementor-element-01638d0 e-con-full e-flex e-con e-child\" data-id=\"01638d0\" data-element_type=\"container\">\n\t\t\t\t<\/div>\n\t\t<div class=\"elementor-element elementor-element-9527815 e-con-full e-flex e-con e-child\" data-id=\"9527815\" data-element_type=\"container\">\n\t\t\t\t<div class=\"elementor-element elementor-element-88f0a18 elementor-widget__width-initial elementor-widget elementor-widget-image\" data-id=\"88f0a18\" data-element_type=\"widget\" data-widget_type=\"image.default\">\n\t\t\t\t<div class=\"elementor-widget-container\">\n\t\t\t\t\t\t\t\t\t\t\t\t\t\t\t<img decoding=\"async\" src=\"https:\/\/www.test.suenhcosmetics.fr\/wp-content\/uploads\/2025\/03\/Guasha-e1743076551555.jpg\" title=\"Guasha.jpg\" alt=\"Guasha.jpg\" loading=\"lazy\" \/>\t\t\t\t\t\t\t\t\t\t\t\t\t\t\t<\/div>\n\t\t\t\t<\/div>\n\t\t\t\t<\/div>\n\t\t\t\t\t<\/div>\n\t\t\t\t<\/div>\n\t\t\t\t<\/div>\n\t\t","protected":false},"excerpt":{"rendered":"<div class=\"suenh-product-box\">\n<div class=\"suenh-tags\">\n<p><span class=\"suenh-tag\">Fait main en Occitanie<\/span><\/p>\n<p><span class=\"suenh-tag\">Bois fran\u00e7ais<\/span><\/p>\n<p><span class=\"suenh-tag\">Tout type de peau<\/span><\/p>\n<p class=\"suenh-ml\">8 x 5 cm<\/p>\n<\/div>\n<h3 class=\"suenh-title\">STIMULE \u2013 LISSE \u2013 AMPLIFIE LES SOINS<\/h3>\n<p>Ce <strong>Gua Sha en bois de h\u00eatre<\/strong> local est un outil de massage doux et efficace. Il favorise la microcirculation, raffermit les traits et booste l\u2019efficacit\u00e9 de vos soins.<\/p>\n<ul class=\"suenh-list\">\n<li><strong>Stimule<\/strong> la peau et lisse les traits<\/li>\n<li><strong>Favorise<\/strong> \u00e9clat et fermet\u00e9<\/li>\n<li><strong>Rel\u00e2che<\/strong> les tensions du visage<\/li>\n<li><strong>Amplifie<\/strong> les effets de vos s\u00e9rums<\/li>\n<\/ul>\n<p>Toucher chaleureux, courbes douces, z\u00e9ro plastique.<\/p>\n<p class=\"suenh-footnote\"><strong>Bois de h\u00eatre local fa\u00e7onn\u00e9 artisanalement par une \u00e9b\u00e9niste de notre r\u00e9gion. Une alternative durable aux outils import\u00e9s.<\/strong><\/p>\n<\/div>\n","protected":false},"featured_media":3742,"comment_status":"open","ping_status":"closed","template":"","meta":{"site-sidebar-layout":"no-sidebar","site-content-layout":"","ast-site-content-layout":"normal-width-container","site-content-style":"unboxed","site-sidebar-style":"unboxed","ast-global-header-display":"","ast-banner-title-visibility":"","ast-main-header-display":"","ast-hfb-above-header-display":"","ast-hfb-below-header-display":"","ast-hfb-mobile-header-display":"","site-post-title":"","ast-breadcrumbs-content":"","ast-featured-img":"","footer-sml-layout":"","theme-transparent-header-meta":"default","adv-header-id-meta":"","stick-header-meta":"","header-above-stick-meta":"","header-main-stick-meta":"","header-below-stick-meta":"","astra-migrate-meta-layouts":"set","ast-page-background-enabled":"default","ast-page-background-meta":{"desktop":{"background-color":"var(--ast-global-color-5)","background-image":"","background-repeat":"repeat","background-position":"center center","background-size":"auto","background-attachment":"scroll","background-type":"","background-media":"","overlay-type":"","overlay-color":"","overlay-opacity":"","overlay-gradient":""},"tablet":{"background-color":"","background-image":"","background-repeat":"repeat","background-position":"center center","background-size":"auto","background-attachment":"scroll","background-type":"","background-media":"","overlay-type":"","overlay-color":"","overlay-opacity":"","overlay-gradient":""},"mobile":{"background-color":"","background-image":"","background-repeat":"repeat","background-position":"center center","background-size":"auto","background-attachment":"scroll","background-type":"","background-media":"","overlay-type":"","overlay-color":"","overlay-opacity":"","overlay-gradient":""}},"ast-content-background-meta":{"desktop":{"background-color":"var(--ast-global-color-4)","background-image":"","background-repeat":"repeat","background-position":"center center","background-size":"auto","background-attachment":"scroll","background-type":"","background-media":"","overlay-type":"","overlay-color":"","overlay-opacity":"","overlay-gradient":""},"tablet":{"background-color":"var(--ast-global-color-4)","background-image":"","background-repeat":"repeat","background-position":"center center","background-size":"auto","background-attachment":"scroll","background-type":"","background-media":"","overlay-type":"","overlay-color":"","overlay-opacity":"","overlay-gradient":""},"mobile":{"background-color":"var(--ast-global-color-4)","background-image":"","background-repeat":"repeat","background-position":"center center","background-size":"auto","background-attachment":"scroll","background-type":"","background-media":"","overlay-type":"","overlay-color":"","overlay-opacity":"","overlay-gradient":""}}},"product_brand":[],"product_cat":[24],"product_tag":[38],"class_list":{"0":"post-1302","1":"product","2":"type-product","3":"status-publish","4":"has-post-thumbnail","6":"product_cat-accessoires","7":"product_tag-gua-sha","8":"desktop-align-left","9":"tablet-align-left","10":"mobile-align-left","12":"first","13":"instock","14":"purchasable","15":"product-type-simple"},"_links":{"self":[{"href":"https:\/\/www.test.suenhcosmetics.fr\/index.php\/wp-json\/wp\/v2\/product\/1302","targetHints":{"allow":["GET"]}}],"collection":[{"href":"https:\/\/www.test.suenhcosmetics.fr\/index.php\/wp-json\/wp\/v2\/product"}],"about":[{"href":"https:\/\/www.test.suenhcosmetics.fr\/index.php\/wp-json\/wp\/v2\/types\/product"}],"replies":[{"embeddable":true,"href":"https:\/\/www.test.suenhcosmetics.fr\/index.php\/wp-json\/wp\/v2\/comments?post=1302"}],"version-history":[{"count":13,"href":"https:\/\/www.test.suenhcosmetics.fr\/index.php\/wp-json\/wp\/v2\/product\/1302\/revisions"}],"predecessor-version":[{"id":4625,"href":"https:\/\/www.test.suenhcosmetics.fr\/index.php\/wp-json\/wp\/v2\/product\/1302\/revisions\/4625"}],"wp:featuredmedia":[{"embeddable":true,"href":"https:\/\/www.test.suenhcosmetics.fr\/index.php\/wp-json\/wp\/v2\/media\/3742"}],"wp:attachment":[{"href":"https:\/\/www.test.suenhcosmetics.fr\/index.php\/wp-json\/wp\/v2\/media?parent=1302"}],"wp:term":[{"taxonomy":"product_brand","embeddable":true,"href":"https:\/\/www.test.suenhcosmetics.fr\/index.php\/wp-json\/wp\/v2\/product_brand?post=1302"},{"taxonomy":"product_cat","embeddable":true,"href":"https:\/\/www.test.suenhcosmetics.fr\/index.php\/wp-json\/wp\/v2\/product_cat?post=1302"},{"taxonomy":"product_tag","embeddable":true,"href":"https:\/\/www.test.suenhcosmetics.fr\/index.php\/wp-json\/wp\/v2\/product_tag?post=1302"}],"curies":[{"name":"wp","href":"https:\/\/api.w.org\/{rel}","templated":true}]}}