{"id":1300,"date":"2024-11-26T21:36:15","date_gmt":"2024-11-26T20:36:15","guid":{"rendered":"https:\/\/www.test.suenhcosmetics.fr\/?post_type=product&#038;p=1300"},"modified":"2025-05-28T09:57:44","modified_gmt":"2025-05-28T07:57:44","slug":"serum-eclat","status":"publish","type":"product","link":"https:\/\/www.test.suenhcosmetics.fr\/index.php\/produit\/serum-eclat\/","title":{"rendered":"S\u00e9rum \u00c9clat \u2013 L\u2019Or Sauvage"},"content":{"rendered":"\t\t<div data-elementor-type=\"wp-post\" data-elementor-id=\"1300\" class=\"elementor elementor-1300\">\n\t\t\t\t<div class=\"elementor-element elementor-element-d332d52 e-flex e-con-boxed e-con e-parent\" data-id=\"d332d52\" data-element_type=\"container\">\n\t\t\t\t\t<div class=\"e-con-inner\">\n\t\t<div class=\"elementor-element elementor-element-9d88618 e-con-full e-flex e-con e-child\" data-id=\"9d88618\" data-element_type=\"container\">\n\t\t\t\t<\/div>\n\t\t<div class=\"elementor-element elementor-element-ea8968f e-con-full e-flex e-con e-child\" data-id=\"ea8968f\" data-element_type=\"container\">\n\t\t\t\t<div class=\"elementor-element elementor-element-b086404 elementor-widget__width-initial elementor-widget elementor-widget-image\" data-id=\"b086404\" data-element_type=\"widget\" data-widget_type=\"image.default\">\n\t\t\t\t<div class=\"elementor-widget-container\">\n\t\t\t\t\t\t\t\t\t\t\t\t\t\t\t<img fetchpriority=\"high\" decoding=\"async\" width=\"800\" height=\"800\" src=\"https:\/\/www.test.suenhcosmetics.fr\/wp-content\/uploads\/2025\/01\/image00001.png\" class=\"attachment-large size-large wp-image-1828\" alt=\"\" srcset=\"https:\/\/www.test.suenhcosmetics.fr\/wp-content\/uploads\/2025\/01\/image00001.png 800w, https:\/\/www.test.suenhcosmetics.fr\/wp-content\/uploads\/2025\/01\/image00001-300x300.png 300w, https:\/\/www.test.suenhcosmetics.fr\/wp-content\/uploads\/2025\/01\/image00001-150x150.png 150w, https:\/\/www.test.suenhcosmetics.fr\/wp-content\/uploads\/2025\/01\/image00001-768x768.png 768w, https:\/\/www.test.suenhcosmetics.fr\/wp-content\/uploads\/2025\/01\/image00001-600x600.png 600w, https:\/\/www.test.suenhcosmetics.fr\/wp-content\/uploads\/2025\/01\/image00001-100x100.png 100w\" sizes=\"(max-width: 800px) 100vw, 800px\" \/>\t\t\t\t\t\t\t\t\t\t\t\t\t\t\t<\/div>\n\t\t\t\t<\/div>\n\t\t\t\t<\/div>\n\t\t\t\t\t<\/div>\n\t\t\t\t<\/div>\n\t\t\t\t<\/div>\n\t\t","protected":false},"excerpt":{"rendered":"<div class=\"suenh-product-box\">\n<div class=\"suenh-tags\"><span class=\"suenh-tag\">Tout type de peau<\/span><br \/>\n<span class=\"suenh-tag\">100% d\u2019origine France<\/span><br \/>\n<span class=\"suenh-tag\">100% d\u2019origine v\u00e9g\u00e9tale<\/span><\/div>\n<p class=\"suenh-ml\">15ml | 3 \u00e0 4 mois d\u2019utilisation<\/p>\n<h3 class=\"suenh-title\">NOURRISSANT \u2013 REPULPANT<\/h3>\n<p>Alliance unique d\u2019huiles pr\u00e9cieuses fran\u00e7aises de <strong>faine, de sapin des Vosges<\/strong>, et d\u2019un <strong>mac\u00e9r\u00e2t de p\u00e2querettes dans de l\u2019huile de chanvre<\/strong>, cette synergie pr\u00e9cieuse prot\u00e8ge la peau de la d\u00e9shydratation et des agressions ext\u00e9rieures tout en lui apportant tonicit\u00e9, confort et \u00e9clat.<\/p>\n<ul class=\"suenh-list\">\n<li><strong>Repulpe et r\u00e9g\u00e9n\u00e8re<\/strong> avec l\u2019huile de sapin, riche en acide gras pinol\u00e9nique et antioxydants<\/li>\n<li><strong>Nourrit et prot\u00e8ge<\/strong> gr\u00e2ce \u00e0 l\u2019huile de faine, tr\u00e9sor des montagnes riche en polyph\u00e9nols<\/li>\n<li><strong>Renforce la barri\u00e8re cutan\u00e9e<\/strong> avec l\u2019huile de chanvre, concentr\u00e9e en acides gras essentiels<\/li>\n<li><strong>Tonifie et raffermit<\/strong> avec le mac\u00e9r\u00e2t de p\u00e2querettes, infus\u00e9 dans l\u2019huile de chanvre<\/li>\n<\/ul>\n<p>Sa texture fine et l\u00e9g\u00e8re laisse un toucher sec sur la peau, avec un parfum apaisant qui rappelle une balade en for\u00eat de r\u00e9sineux.<\/p>\n<p class=\"suenh-footnote\"><strong>La totalit\u00e9 de nos huiles v\u00e9g\u00e9tales et plantes sont d\u2019origine fran\u00e7aise et transform\u00e9es dans notre atelier en Occitanie.<\/strong><\/p>\n<\/div>\n","protected":false},"featured_media":3766,"comment_status":"open","ping_status":"closed","template":"","meta":{"site-sidebar-layout":"no-sidebar","site-content-layout":"","ast-site-content-layout":"normal-width-container","site-content-style":"unboxed","site-sidebar-style":"unboxed","ast-global-header-display":"","ast-banner-title-visibility":"","ast-main-header-display":"","ast-hfb-above-header-display":"","ast-hfb-below-header-display":"","ast-hfb-mobile-header-display":"","site-post-title":"disabled","ast-breadcrumbs-content":"","ast-featured-img":"disabled","footer-sml-layout":"","theme-transparent-header-meta":"default","adv-header-id-meta":"","stick-header-meta":"","header-above-stick-meta":"","header-main-stick-meta":"","header-below-stick-meta":"","astra-migrate-meta-layouts":"set","ast-page-background-enabled":"default","ast-page-background-meta":{"desktop":{"background-color":"var(--ast-global-color-5)","background-image":"","background-repeat":"repeat","background-position":"center center","background-size":"auto","background-attachment":"scroll","background-type":"","background-media":"","overlay-type":"","overlay-color":"","overlay-opacity":"","overlay-gradient":""},"tablet":{"background-color":"","background-image":"","background-repeat":"repeat","background-position":"center center","background-size":"auto","background-attachment":"scroll","background-type":"","background-media":"","overlay-type":"","overlay-color":"","overlay-opacity":"","overlay-gradient":""},"mobile":{"background-color":"","background-image":"","background-repeat":"repeat","background-position":"center center","background-size":"auto","background-attachment":"scroll","background-type":"","background-media":"","overlay-type":"","overlay-color":"","overlay-opacity":"","overlay-gradient":""}},"ast-content-background-meta":{"desktop":{"background-color":"var(--ast-global-color-4)","background-image":"","background-repeat":"repeat","background-position":"center center","background-size":"auto","background-attachment":"scroll","background-type":"","background-media":"","overlay-type":"","overlay-color":"","overlay-opacity":"","overlay-gradient":""},"tablet":{"background-color":"var(--ast-global-color-4)","background-image":"","background-repeat":"repeat","background-position":"center center","background-size":"auto","background-attachment":"scroll","background-type":"","background-media":"","overlay-type":"","overlay-color":"","overlay-opacity":"","overlay-gradient":""},"mobile":{"background-color":"var(--ast-global-color-4)","background-image":"","background-repeat":"repeat","background-position":"center center","background-size":"auto","background-attachment":"scroll","background-type":"","background-media":"","overlay-type":"","overlay-color":"","overlay-opacity":"","overlay-gradient":""}}},"product_brand":[],"product_cat":[54,46,55,20],"product_tag":[39],"class_list":{"0":"post-1300","1":"product","2":"type-product","3":"status-publish","4":"has-post-thumbnail","6":"product_cat-imperfections","7":"product_cat-serums","8":"product_cat-teint-terne","9":"product_cat-soins-visages","10":"product_tag-serum-eclat","11":"desktop-align-left","12":"tablet-align-left","13":"mobile-align-left","15":"first","16":"instock","17":"purchasable","18":"product-type-simple"},"_links":{"self":[{"href":"https:\/\/www.test.suenhcosmetics.fr\/index.php\/wp-json\/wp\/v2\/product\/1300","targetHints":{"allow":["GET"]}}],"collection":[{"href":"https:\/\/www.test.suenhcosmetics.fr\/index.php\/wp-json\/wp\/v2\/product"}],"about":[{"href":"https:\/\/www.test.suenhcosmetics.fr\/index.php\/wp-json\/wp\/v2\/types\/product"}],"replies":[{"embeddable":true,"href":"https:\/\/www.test.suenhcosmetics.fr\/index.php\/wp-json\/wp\/v2\/comments?post=1300"}],"version-history":[{"count":2,"href":"https:\/\/www.test.suenhcosmetics.fr\/index.php\/wp-json\/wp\/v2\/product\/1300\/revisions"}],"predecessor-version":[{"id":4561,"href":"https:\/\/www.test.suenhcosmetics.fr\/index.php\/wp-json\/wp\/v2\/product\/1300\/revisions\/4561"}],"wp:featuredmedia":[{"embeddable":true,"href":"https:\/\/www.test.suenhcosmetics.fr\/index.php\/wp-json\/wp\/v2\/media\/3766"}],"wp:attachment":[{"href":"https:\/\/www.test.suenhcosmetics.fr\/index.php\/wp-json\/wp\/v2\/media?parent=1300"}],"wp:term":[{"taxonomy":"product_brand","embeddable":true,"href":"https:\/\/www.test.suenhcosmetics.fr\/index.php\/wp-json\/wp\/v2\/product_brand?post=1300"},{"taxonomy":"product_cat","embeddable":true,"href":"https:\/\/www.test.suenhcosmetics.fr\/index.php\/wp-json\/wp\/v2\/product_cat?post=1300"},{"taxonomy":"product_tag","embeddable":true,"href":"https:\/\/www.test.suenhcosmetics.fr\/index.php\/wp-json\/wp\/v2\/product_tag?post=1300"}],"curies":[{"name":"wp","href":"https:\/\/api.w.org\/{rel}","templated":true}]}}