{"id":1283,"date":"2024-07-18T15:35:31","date_gmt":"2024-07-18T13:35:31","guid":{"rendered":"https:\/\/www.test.suenhcosmetics.fr\/?post_type=product&#038;p=1283"},"modified":"2025-05-15T13:59:57","modified_gmt":"2025-05-15T11:59:57","slug":"baume-a-levres","status":"publish","type":"product","link":"https:\/\/www.test.suenhcosmetics.fr\/index.php\/produit\/baume-a-levres\/","title":{"rendered":"Baume \u00e0 L\u00e8vres | Fleur de Sureau"},"content":{"rendered":"\t\t<div data-elementor-type=\"wp-post\" data-elementor-id=\"1283\" class=\"elementor elementor-1283\">\n\t\t\t\t<div class=\"elementor-element elementor-element-2780f1c e-con-full e-flex e-con e-parent\" data-id=\"2780f1c\" data-element_type=\"container\">\n\t\t<div class=\"elementor-element elementor-element-d6470f0 e-con-full e-flex e-con e-child\" data-id=\"d6470f0\" data-element_type=\"container\">\n\t\t\t\t<\/div>\n\t\t<div class=\"elementor-element elementor-element-5f1d086 e-con-full e-flex e-con e-child\" data-id=\"5f1d086\" data-element_type=\"container\">\n\t\t\t\t<div class=\"elementor-element elementor-element-aad149a elementor-widget__width-initial elementor-widget elementor-widget-image\" data-id=\"aad149a\" data-element_type=\"widget\" data-widget_type=\"image.default\">\n\t\t\t\t<div class=\"elementor-widget-container\">\n\t\t\t\t\t\t\t\t\t\t\t\t\t\t\t<img fetchpriority=\"high\" decoding=\"async\" width=\"768\" height=\"1024\" src=\"https:\/\/www.test.suenhcosmetics.fr\/wp-content\/uploads\/2025\/03\/Baume-a-levres3-rotated-1-768x1024.jpeg\" class=\"attachment-large size-large wp-image-420\" alt=\"\" \/>\t\t\t\t\t\t\t\t\t\t\t\t\t\t\t<\/div>\n\t\t\t\t<\/div>\n\t\t\t\t<\/div>\n\t\t\t\t<\/div>\n\t\t\t\t<\/div>\n\t\t","protected":false},"excerpt":{"rendered":"<div class=\"suenh-product-box\">\n<div class=\"suenh-tags\"><span class=\"suenh-tag\">L\u00e8vres s\u00e8ches ou ab\u00eem\u00e9es<\/span><br \/>\n<span class=\"suenh-tag\">100% d\u2019origine naturelle<\/span><br \/>\n<span class=\"suenh-tag\">Fait main en Occitanie<\/span><\/div>\n<p class=\"suenh-ml\">7ml | Jusqu\u2019\u00e0 6 mois d\u2019utilisation<\/p>\n<h3 class=\"suenh-title\">APAISE \u2013 NOURRIT \u2013 PROT\u00c8GE<\/h3>\n<p>Un baume g\u00e9n\u00e9reux qui prend soin de vos l\u00e8vres tout au long de l\u2019ann\u00e9e. Sa formule onctueuse associe fleurs de sureau, miel, huiles v\u00e9g\u00e9tales et cire d\u2019abeille pour une r\u00e9paration intense et une protection naturelle.<\/p>\n<ul class=\"suenh-list\">\n<li><strong>R\u00e9pare et calme<\/strong> les l\u00e8vres sensibilis\u00e9es gr\u00e2ce au mac\u00e9r\u00e2t de fleurs de sureau, aux vertus apaisantes<\/li>\n<li><strong>Nourrit et prot\u00e8ge<\/strong> durablement avec l\u2019huile de prune, douce et naturellement parfum\u00e9e<\/li>\n<li><strong>Pr\u00e9vient la d\u00e9shydratation<\/strong> gr\u00e2ce \u00e0 l\u2019huile de cameline, riche en om\u00e9ga-3 et parfaitement adapt\u00e9e aux peaux d\u00e9licates<\/li>\n<li><strong>Prot\u00e8ge du froid<\/strong>, du vent et des ger\u00e7ures gr\u00e2ce \u00e0 la cire d\u2019abeille et au miel bio<\/li>\n<\/ul>\n<p>Sa texture fond sur les l\u00e8vres sans coller, et laisse un film protecteur velout\u00e9, subtilement fruit\u00e9 et miell\u00e9.<br \/>\nUn soin simple, efficace, g\u00e9n\u00e9reux. \u00c0 emporter partout.<\/p>\n<p class=\"suenh-footnote\"><strong>Tous nos ingr\u00e9dients sont naturels et bio, sourc\u00e9s localement autant que possible, et transform\u00e9s avec soin dans notre atelier en Occitanie.<\/strong><\/p>\n<\/div>\n","protected":false},"featured_media":3694,"comment_status":"open","ping_status":"closed","template":"","meta":{"site-sidebar-layout":"no-sidebar","site-content-layout":"","ast-site-content-layout":"normal-width-container","site-content-style":"unboxed","site-sidebar-style":"unboxed","ast-global-header-display":"","ast-banner-title-visibility":"","ast-main-header-display":"","ast-hfb-above-header-display":"","ast-hfb-below-header-display":"","ast-hfb-mobile-header-display":"","site-post-title":"","ast-breadcrumbs-content":"","ast-featured-img":"","footer-sml-layout":"","theme-transparent-header-meta":"default","adv-header-id-meta":"","stick-header-meta":"","header-above-stick-meta":"","header-main-stick-meta":"","header-below-stick-meta":"","astra-migrate-meta-layouts":"set","ast-page-background-enabled":"default","ast-page-background-meta":{"desktop":{"background-color":"var(--ast-global-color-5)","background-image":"","background-repeat":"repeat","background-position":"center center","background-size":"auto","background-attachment":"scroll","background-type":"","background-media":"","overlay-type":"","overlay-color":"","overlay-opacity":"","overlay-gradient":""},"tablet":{"background-color":"","background-image":"","background-repeat":"repeat","background-position":"center center","background-size":"auto","background-attachment":"scroll","background-type":"","background-media":"","overlay-type":"","overlay-color":"","overlay-opacity":"","overlay-gradient":""},"mobile":{"background-color":"","background-image":"","background-repeat":"repeat","background-position":"center center","background-size":"auto","background-attachment":"scroll","background-type":"","background-media":"","overlay-type":"","overlay-color":"","overlay-opacity":"","overlay-gradient":""}},"ast-content-background-meta":{"desktop":{"background-color":"var(--ast-global-color-4)","background-image":"","background-repeat":"repeat","background-position":"center center","background-size":"auto","background-attachment":"scroll","background-type":"","background-media":"","overlay-type":"","overlay-color":"","overlay-opacity":"","overlay-gradient":""},"tablet":{"background-color":"var(--ast-global-color-4)","background-image":"","background-repeat":"repeat","background-position":"center center","background-size":"auto","background-attachment":"scroll","background-type":"","background-media":"","overlay-type":"","overlay-color":"","overlay-opacity":"","overlay-gradient":""},"mobile":{"background-color":"var(--ast-global-color-4)","background-image":"","background-repeat":"repeat","background-position":"center center","background-size":"auto","background-attachment":"scroll","background-type":"","background-media":"","overlay-type":"","overlay-color":"","overlay-opacity":"","overlay-gradient":""}}},"product_brand":[],"product_cat":[51,56,20],"product_tag":[40],"class_list":{"0":"post-1283","1":"product","2":"type-product","3":"status-publish","4":"has-post-thumbnail","6":"product_cat-baume-a-levres","7":"product_cat-peaux-sensibles","8":"product_cat-soins-visages","9":"product_tag-baume","10":"desktop-align-left","11":"tablet-align-left","12":"mobile-align-left","14":"first","15":"instock","16":"purchasable","17":"product-type-simple"},"_links":{"self":[{"href":"https:\/\/www.test.suenhcosmetics.fr\/index.php\/wp-json\/wp\/v2\/product\/1283","targetHints":{"allow":["GET"]}}],"collection":[{"href":"https:\/\/www.test.suenhcosmetics.fr\/index.php\/wp-json\/wp\/v2\/product"}],"about":[{"href":"https:\/\/www.test.suenhcosmetics.fr\/index.php\/wp-json\/wp\/v2\/types\/product"}],"replies":[{"embeddable":true,"href":"https:\/\/www.test.suenhcosmetics.fr\/index.php\/wp-json\/wp\/v2\/comments?post=1283"}],"version-history":[{"count":1,"href":"https:\/\/www.test.suenhcosmetics.fr\/index.php\/wp-json\/wp\/v2\/product\/1283\/revisions"}],"predecessor-version":[{"id":3630,"href":"https:\/\/www.test.suenhcosmetics.fr\/index.php\/wp-json\/wp\/v2\/product\/1283\/revisions\/3630"}],"wp:featuredmedia":[{"embeddable":true,"href":"https:\/\/www.test.suenhcosmetics.fr\/index.php\/wp-json\/wp\/v2\/media\/3694"}],"wp:attachment":[{"href":"https:\/\/www.test.suenhcosmetics.fr\/index.php\/wp-json\/wp\/v2\/media?parent=1283"}],"wp:term":[{"taxonomy":"product_brand","embeddable":true,"href":"https:\/\/www.test.suenhcosmetics.fr\/index.php\/wp-json\/wp\/v2\/product_brand?post=1283"},{"taxonomy":"product_cat","embeddable":true,"href":"https:\/\/www.test.suenhcosmetics.fr\/index.php\/wp-json\/wp\/v2\/product_cat?post=1283"},{"taxonomy":"product_tag","embeddable":true,"href":"https:\/\/www.test.suenhcosmetics.fr\/index.php\/wp-json\/wp\/v2\/product_tag?post=1283"}],"curies":[{"name":"wp","href":"https:\/\/api.w.org\/{rel}","templated":true}]}}