{"id":1244,"date":"2024-02-24T16:09:57","date_gmt":"2024-02-24T15:09:57","guid":{"rendered":"https:\/\/www.test.suenhcosmetics.fr\/?post_type=product&#038;p=1244"},"modified":"2025-05-28T11:47:07","modified_gmt":"2025-05-28T09:47:07","slug":"shampoing-infusion-de-plantes-sauvages","status":"publish","type":"product","link":"https:\/\/www.test.suenhcosmetics.fr\/index.php\/produit\/shampoing-infusion-de-plantes-sauvages\/","title":{"rendered":"Shampoing Ortie &#038; Epic\u00e9a"},"content":{"rendered":"\t\t<div data-elementor-type=\"wp-post\" data-elementor-id=\"1244\" class=\"elementor elementor-1244\">\n\t\t\t\t<div class=\"elementor-element elementor-element-005d492 e-flex e-con-boxed e-con e-parent\" data-id=\"005d492\" data-element_type=\"container\">\n\t\t\t\t\t<div class=\"e-con-inner\">\n\t\t<div class=\"elementor-element elementor-element-1e07802 e-con-full e-flex e-con e-child\" data-id=\"1e07802\" data-element_type=\"container\">\n\t\t\t\t<\/div>\n\t\t<div class=\"elementor-element elementor-element-3230fe2 e-con-full e-flex e-con e-child\" data-id=\"3230fe2\" data-element_type=\"container\">\n\t\t\t\t<div class=\"elementor-element elementor-element-35d6762 elementor-widget__width-initial elementor-widget elementor-widget-image\" data-id=\"35d6762\" data-element_type=\"widget\" data-widget_type=\"image.default\">\n\t\t\t\t<div class=\"elementor-widget-container\">\n\t\t\t\t\t\t\t\t\t\t\t\t\t\t\t<img fetchpriority=\"high\" decoding=\"async\" width=\"1024\" height=\"1024\" src=\"https:\/\/www.test.suenhcosmetics.fr\/wp-content\/uploads\/2025\/04\/IMG_1810-1024x1024.jpg\" class=\"attachment-large size-large wp-image-1705\" alt=\"\" srcset=\"https:\/\/www.test.suenhcosmetics.fr\/wp-content\/uploads\/2025\/04\/IMG_1810-1024x1024.jpg 1024w, https:\/\/www.test.suenhcosmetics.fr\/wp-content\/uploads\/2025\/04\/IMG_1810-300x300.jpg 300w, https:\/\/www.test.suenhcosmetics.fr\/wp-content\/uploads\/2025\/04\/IMG_1810-150x150.jpg 150w, https:\/\/www.test.suenhcosmetics.fr\/wp-content\/uploads\/2025\/04\/IMG_1810-768x768.jpg 768w, https:\/\/www.test.suenhcosmetics.fr\/wp-content\/uploads\/2025\/04\/IMG_1810-1320x1320.jpg 1320w, https:\/\/www.test.suenhcosmetics.fr\/wp-content\/uploads\/2025\/04\/IMG_1810-600x600.jpg 600w, https:\/\/www.test.suenhcosmetics.fr\/wp-content\/uploads\/2025\/04\/IMG_1810-100x100.jpg 100w, https:\/\/www.test.suenhcosmetics.fr\/wp-content\/uploads\/2025\/04\/IMG_1810.jpg 800w\" sizes=\"(max-width: 1024px) 100vw, 1024px\" \/>\t\t\t\t\t\t\t\t\t\t\t\t\t\t\t<\/div>\n\t\t\t\t<\/div>\n\t\t\t\t<\/div>\n\t\t\t\t\t<\/div>\n\t\t\t\t<\/div>\n\t\t\t\t<\/div>\n\t\t","protected":false},"excerpt":{"rendered":"<div class=\"suenh-product-box\">\n<div class=\"suenh-tags\"><span class=\"suenh-tag\">Tous types de cuirs chevelus<\/span><br \/>\n<span class=\"suenh-tag\">100% plantes locales<\/span><br \/>\n<span class=\"suenh-tag\">Saponification \u00e0 froid<\/span><\/div>\n<p class=\"suenh-ml\">100 g | 1 \u00e0 2 mois d\u2019utilisation<\/p>\n<h3 class=\"suenh-title\">TONIFIE \u2013 \u00c9QUILIBRE \u2013 FORTIFIE<\/h3>\n<p>Ce shampoing solide aux <strong>plantes sauvages d\u2019ortie et d\u2019\u00e9pic\u00e9a<\/strong> nettoie en douceur et revitalise le cuir chevelu. Sa base v\u00e9g\u00e9tale riche nourrit et \u00e9quilibre la chevelure naturellement.<\/p>\n<ul class=\"suenh-list\">\n<li><strong>Fortifie<\/strong> la fibre capillaire<\/li>\n<li><strong>R\u00e9gule<\/strong> le s\u00e9bum tout en douceur<\/li>\n<li><strong>Soulage<\/strong> les cuirs chevelus sensibles<\/li>\n<li><strong>Permet d\u2019espacer<\/strong> les lavages<\/li>\n<\/ul>\n<p>Forme ronde pratique, parfum v\u00e9g\u00e9tal naturel, sans allerg\u00e8nes.<\/p>\n<p class=\"suenh-footnote\"><strong>Formul\u00e9 avec des plantes cueillies \u00e0 la main, hydrolat d\u2019\u00e9pic\u00e9a et huiles v\u00e9g\u00e9tales bio, dans notre atelier d\u2019Occitanie.<\/strong><\/p>\n<\/div>\n","protected":false},"featured_media":4597,"comment_status":"open","ping_status":"closed","template":"","meta":{"site-sidebar-layout":"default","site-content-layout":"","ast-site-content-layout":"default","site-content-style":"default","site-sidebar-style":"default","ast-global-header-display":"","ast-banner-title-visibility":"","ast-main-header-display":"","ast-hfb-above-header-display":"","ast-hfb-below-header-display":"","ast-hfb-mobile-header-display":"","site-post-title":"","ast-breadcrumbs-content":"","ast-featured-img":"","footer-sml-layout":"","theme-transparent-header-meta":"default","adv-header-id-meta":"","stick-header-meta":"","header-above-stick-meta":"","header-main-stick-meta":"","header-below-stick-meta":"","astra-migrate-meta-layouts":"set","ast-page-background-enabled":"default","ast-page-background-meta":{"desktop":{"background-color":"var(--ast-global-color-5)","background-image":"","background-repeat":"repeat","background-position":"center center","background-size":"auto","background-attachment":"scroll","background-type":"","background-media":"","overlay-type":"","overlay-color":"","overlay-opacity":"","overlay-gradient":""},"tablet":{"background-color":"","background-image":"","background-repeat":"repeat","background-position":"center center","background-size":"auto","background-attachment":"scroll","background-type":"","background-media":"","overlay-type":"","overlay-color":"","overlay-opacity":"","overlay-gradient":""},"mobile":{"background-color":"","background-image":"","background-repeat":"repeat","background-position":"center center","background-size":"auto","background-attachment":"scroll","background-type":"","background-media":"","overlay-type":"","overlay-color":"","overlay-opacity":"","overlay-gradient":""}},"ast-content-background-meta":{"desktop":{"background-color":"var(--ast-global-color-4)","background-image":"","background-repeat":"repeat","background-position":"center center","background-size":"auto","background-attachment":"scroll","background-type":"","background-media":"","overlay-type":"","overlay-color":"","overlay-opacity":"","overlay-gradient":""},"tablet":{"background-color":"var(--ast-global-color-4)","background-image":"","background-repeat":"repeat","background-position":"center center","background-size":"auto","background-attachment":"scroll","background-type":"","background-media":"","overlay-type":"","overlay-color":"","overlay-opacity":"","overlay-gradient":""},"mobile":{"background-color":"var(--ast-global-color-4)","background-image":"","background-repeat":"repeat","background-position":"center center","background-size":"auto","background-attachment":"scroll","background-type":"","background-media":"","overlay-type":"","overlay-color":"","overlay-opacity":"","overlay-gradient":""}}},"product_brand":[],"product_cat":[52,23],"product_tag":[],"class_list":{"0":"post-1244","1":"product","2":"type-product","3":"status-publish","4":"has-post-thumbnail","6":"product_cat-nettoyants-corps-cheveux","7":"product_cat-soins-capilaires","8":"desktop-align-left","9":"tablet-align-left","10":"mobile-align-left","12":"first","13":"instock","14":"purchasable","15":"product-type-simple"},"_links":{"self":[{"href":"https:\/\/www.test.suenhcosmetics.fr\/index.php\/wp-json\/wp\/v2\/product\/1244","targetHints":{"allow":["GET"]}}],"collection":[{"href":"https:\/\/www.test.suenhcosmetics.fr\/index.php\/wp-json\/wp\/v2\/product"}],"about":[{"href":"https:\/\/www.test.suenhcosmetics.fr\/index.php\/wp-json\/wp\/v2\/types\/product"}],"replies":[{"embeddable":true,"href":"https:\/\/www.test.suenhcosmetics.fr\/index.php\/wp-json\/wp\/v2\/comments?post=1244"}],"version-history":[{"count":1,"href":"https:\/\/www.test.suenhcosmetics.fr\/index.php\/wp-json\/wp\/v2\/product\/1244\/revisions"}],"predecessor-version":[{"id":4553,"href":"https:\/\/www.test.suenhcosmetics.fr\/index.php\/wp-json\/wp\/v2\/product\/1244\/revisions\/4553"}],"wp:featuredmedia":[{"embeddable":true,"href":"https:\/\/www.test.suenhcosmetics.fr\/index.php\/wp-json\/wp\/v2\/media\/4597"}],"wp:attachment":[{"href":"https:\/\/www.test.suenhcosmetics.fr\/index.php\/wp-json\/wp\/v2\/media?parent=1244"}],"wp:term":[{"taxonomy":"product_brand","embeddable":true,"href":"https:\/\/www.test.suenhcosmetics.fr\/index.php\/wp-json\/wp\/v2\/product_brand?post=1244"},{"taxonomy":"product_cat","embeddable":true,"href":"https:\/\/www.test.suenhcosmetics.fr\/index.php\/wp-json\/wp\/v2\/product_cat?post=1244"},{"taxonomy":"product_tag","embeddable":true,"href":"https:\/\/www.test.suenhcosmetics.fr\/index.php\/wp-json\/wp\/v2\/product_tag?post=1244"}],"curies":[{"name":"wp","href":"https:\/\/api.w.org\/{rel}","templated":true}]}}