{"id":1233,"date":"2024-01-31T17:40:17","date_gmt":"2024-01-31T16:40:17","guid":{"rendered":"https:\/\/www.test.suenhcosmetics.fr\/?post_type=product&#038;p=1233"},"modified":"2025-05-15T23:13:27","modified_gmt":"2025-05-15T21:13:27","slug":"gelee-demaquillante-nettoyante-calendula","status":"publish","type":"product","link":"https:\/\/www.test.suenhcosmetics.fr\/index.php\/produit\/gelee-demaquillante-nettoyante-calendula\/","title":{"rendered":"Gel\u00e9e D\u00e9maquillante | Calendula"},"content":{"rendered":"\t\t<div data-elementor-type=\"wp-post\" data-elementor-id=\"1233\" class=\"elementor elementor-1233\">\n\t\t\t\t<div class=\"elementor-element elementor-element-b7cb95e e-flex e-con-boxed e-con e-parent\" data-id=\"b7cb95e\" data-element_type=\"container\">\n\t\t\t\t\t<div class=\"e-con-inner\">\n\t\t<div class=\"elementor-element elementor-element-b949b41 e-con-full e-flex e-con e-child\" data-id=\"b949b41\" data-element_type=\"container\">\n\t\t\t\t<\/div>\n\t\t<div class=\"elementor-element elementor-element-ea01f83 e-con-full e-flex e-con e-child\" data-id=\"ea01f83\" data-element_type=\"container\">\n\t\t\t\t<div class=\"elementor-element elementor-element-fc6cf98 elementor-widget__width-initial elementor-widget elementor-widget-image\" data-id=\"fc6cf98\" data-element_type=\"widget\" data-widget_type=\"image.default\">\n\t\t\t\t<div class=\"elementor-widget-container\">\n\t\t\t\t\t\t\t\t\t\t\t\t\t\t\t<img fetchpriority=\"high\" decoding=\"async\" width=\"800\" height=\"800\" src=\"https:\/\/www.test.suenhcosmetics.fr\/wp-content\/uploads\/2024\/07\/image00004.png\" class=\"attachment-large size-large wp-image-1822\" alt=\"\" srcset=\"https:\/\/www.test.suenhcosmetics.fr\/wp-content\/uploads\/2024\/07\/image00004.png 800w, https:\/\/www.test.suenhcosmetics.fr\/wp-content\/uploads\/2024\/07\/image00004-300x300.png 300w, https:\/\/www.test.suenhcosmetics.fr\/wp-content\/uploads\/2024\/07\/image00004-150x150.png 150w, https:\/\/www.test.suenhcosmetics.fr\/wp-content\/uploads\/2024\/07\/image00004-768x768.png 768w, https:\/\/www.test.suenhcosmetics.fr\/wp-content\/uploads\/2024\/07\/image00004-600x600.png 600w, https:\/\/www.test.suenhcosmetics.fr\/wp-content\/uploads\/2024\/07\/image00004-100x100.png 100w\" sizes=\"(max-width: 800px) 100vw, 800px\" \/>\t\t\t\t\t\t\t\t\t\t\t\t\t\t\t<\/div>\n\t\t\t\t<\/div>\n\t\t\t\t<\/div>\n\t\t\t\t\t<\/div>\n\t\t\t\t<\/div>\n\t\t\t\t<\/div>\n\t\t","protected":false},"excerpt":{"rendered":"<div class=\"suenh-product-box\">\n<div class=\"suenh-tags\"><span class=\"suenh-tag\">Toutes peaux, m\u00eame sensibles<\/span><br \/>\n<span class=\"suenh-tag\">100% d\u2019origine naturelle<\/span><br \/>\n<span class=\"suenh-tag\">Fait main en Occitanie<\/span><\/div>\n<p class=\"suenh-ml\">50g | Jusqu\u2019\u00e0 3 mois d\u2019utilisation<\/p>\n<h3 class=\"suenh-title\">D\u00c9MAQUILLE \u2013 NETTOIE \u2013 HYDRATE<\/h3>\n<p>D\u00e9couvrez une nouvelle gestuelle de nettoyage visage avec cette gel\u00e9e sensorielle, douce et efficace.<br \/>\nElle fond au contact de la peau, se transforme en lait au contact de l\u2019eau et laisse le teint frais, souple et apais\u00e9.<\/p>\n<ul class=\"suenh-list\">\n<li><strong>Dissout maquillage<\/strong>, exc\u00e8s de s\u00e9bum et particules de pollution<\/li>\n<li><strong>Nettoie<\/strong> sans agresser ni dess\u00e9cher<\/li>\n<li><strong>Apaise et prot\u00e8ge<\/strong> les peaux sensibles<\/li>\n<li><strong>Peau propre<\/strong>, douce, sans film gras ni tiraillement<\/li>\n<\/ul>\n<p>Sa couleur orang\u00e9e, sa texture unique huile-en-gel et sa composition ultra-courte font d\u2019elle un soin minimaliste mais redoutablement efficace.<br \/>\nElle remplace \u00e0 elle seule un d\u00e9maquillant, un nettoyant et un soin hydratant l\u00e9ger.<\/p>\n<p><strong>Formule minimaliste &amp; bien pens\u00e9e : 3 ingr\u00e9dients naturels seulement.<\/strong><\/p>\n<\/div>\n","protected":false},"featured_media":3755,"comment_status":"open","ping_status":"closed","template":"","meta":{"site-sidebar-layout":"default","site-content-layout":"","ast-site-content-layout":"normal-width-container","site-content-style":"unboxed","site-sidebar-style":"unboxed","ast-global-header-display":"","ast-banner-title-visibility":"","ast-main-header-display":"","ast-hfb-above-header-display":"","ast-hfb-below-header-display":"","ast-hfb-mobile-header-display":"","site-post-title":"","ast-breadcrumbs-content":"","ast-featured-img":"","footer-sml-layout":"","theme-transparent-header-meta":"default","adv-header-id-meta":"","stick-header-meta":"","header-above-stick-meta":"","header-main-stick-meta":"","header-below-stick-meta":"","astra-migrate-meta-layouts":"set","ast-page-background-enabled":"default","ast-page-background-meta":{"desktop":{"background-color":"var(--ast-global-color-5)","background-image":"","background-repeat":"repeat","background-position":"center center","background-size":"auto","background-attachment":"scroll","background-type":"","background-media":"","overlay-type":"","overlay-color":"","overlay-opacity":"","overlay-gradient":""},"tablet":{"background-color":"","background-image":"","background-repeat":"repeat","background-position":"center center","background-size":"auto","background-attachment":"scroll","background-type":"","background-media":"","overlay-type":"","overlay-color":"","overlay-opacity":"","overlay-gradient":""},"mobile":{"background-color":"","background-image":"","background-repeat":"repeat","background-position":"center center","background-size":"auto","background-attachment":"scroll","background-type":"","background-media":"","overlay-type":"","overlay-color":"","overlay-opacity":"","overlay-gradient":""}},"ast-content-background-meta":{"desktop":{"background-color":"var(--ast-global-color-4)","background-image":"","background-repeat":"repeat","background-position":"center center","background-size":"auto","background-attachment":"scroll","background-type":"","background-media":"","overlay-type":"","overlay-color":"","overlay-opacity":"","overlay-gradient":""},"tablet":{"background-color":"var(--ast-global-color-4)","background-image":"","background-repeat":"repeat","background-position":"center center","background-size":"auto","background-attachment":"scroll","background-type":"","background-media":"","overlay-type":"","overlay-color":"","overlay-opacity":"","overlay-gradient":""},"mobile":{"background-color":"var(--ast-global-color-4)","background-image":"","background-repeat":"repeat","background-position":"center center","background-size":"auto","background-attachment":"scroll","background-type":"","background-media":"","overlay-type":"","overlay-color":"","overlay-opacity":"","overlay-gradient":""}}},"product_brand":[],"product_cat":[48,56,55,20],"product_tag":[41],"class_list":{"0":"post-1233","1":"product","2":"type-product","3":"status-publish","4":"has-post-thumbnail","6":"product_cat-nettoyants-visage","7":"product_cat-peaux-sensibles","8":"product_cat-teint-terne","9":"product_cat-soins-visages","10":"product_tag-gelee","11":"desktop-align-left","12":"tablet-align-left","13":"mobile-align-left","15":"first","16":"instock","17":"purchasable","18":"product-type-simple"},"_links":{"self":[{"href":"https:\/\/www.test.suenhcosmetics.fr\/index.php\/wp-json\/wp\/v2\/product\/1233","targetHints":{"allow":["GET"]}}],"collection":[{"href":"https:\/\/www.test.suenhcosmetics.fr\/index.php\/wp-json\/wp\/v2\/product"}],"about":[{"href":"https:\/\/www.test.suenhcosmetics.fr\/index.php\/wp-json\/wp\/v2\/types\/product"}],"replies":[{"embeddable":true,"href":"https:\/\/www.test.suenhcosmetics.fr\/index.php\/wp-json\/wp\/v2\/comments?post=1233"}],"version-history":[{"count":1,"href":"https:\/\/www.test.suenhcosmetics.fr\/index.php\/wp-json\/wp\/v2\/product\/1233\/revisions"}],"predecessor-version":[{"id":3631,"href":"https:\/\/www.test.suenhcosmetics.fr\/index.php\/wp-json\/wp\/v2\/product\/1233\/revisions\/3631"}],"wp:featuredmedia":[{"embeddable":true,"href":"https:\/\/www.test.suenhcosmetics.fr\/index.php\/wp-json\/wp\/v2\/media\/3755"}],"wp:attachment":[{"href":"https:\/\/www.test.suenhcosmetics.fr\/index.php\/wp-json\/wp\/v2\/media?parent=1233"}],"wp:term":[{"taxonomy":"product_brand","embeddable":true,"href":"https:\/\/www.test.suenhcosmetics.fr\/index.php\/wp-json\/wp\/v2\/product_brand?post=1233"},{"taxonomy":"product_cat","embeddable":true,"href":"https:\/\/www.test.suenhcosmetics.fr\/index.php\/wp-json\/wp\/v2\/product_cat?post=1233"},{"taxonomy":"product_tag","embeddable":true,"href":"https:\/\/www.test.suenhcosmetics.fr\/index.php\/wp-json\/wp\/v2\/product_tag?post=1233"}],"curies":[{"name":"wp","href":"https:\/\/api.w.org\/{rel}","templated":true}]}}