{"id":1101,"date":"2023-03-09T17:21:17","date_gmt":"2023-03-09T16:21:17","guid":{"rendered":"https:\/\/www.test.suenhcosmetics.fr\/?post_type=product&#038;p=1101"},"modified":"2025-05-21T11:07:31","modified_gmt":"2025-05-21T09:07:31","slug":"trousses-de-toilettes","status":"publish","type":"product","link":"https:\/\/www.test.suenhcosmetics.fr\/index.php\/produit\/trousses-de-toilettes\/","title":{"rendered":"Trousse de toilette SUENH"},"content":{"rendered":"\t\t<div data-elementor-type=\"wp-post\" data-elementor-id=\"1101\" class=\"elementor elementor-1101\">\n\t\t\t\t<div class=\"elementor-element elementor-element-d241277 e-flex e-con-boxed e-con e-parent\" data-id=\"d241277\" data-element_type=\"container\">\n\t\t\t\t\t<div class=\"e-con-inner\">\n\t\t<div class=\"elementor-element elementor-element-8ec1884 e-con-full e-flex e-con e-child\" data-id=\"8ec1884\" data-element_type=\"container\">\n\t\t\t\t<\/div>\n\t\t<div class=\"elementor-element elementor-element-c434f50 e-con-full e-flex e-con e-child\" data-id=\"c434f50\" data-element_type=\"container\">\n\t\t\t\t<div class=\"elementor-element elementor-element-6cfaed3 elementor-widget__width-initial elementor-widget elementor-widget-image\" data-id=\"6cfaed3\" data-element_type=\"widget\" data-widget_type=\"image.default\">\n\t\t\t\t<div class=\"elementor-widget-container\">\n\t\t\t\t\t\t\t\t\t\t\t\t\t\t\t<img decoding=\"async\" src=\"https:\/\/www.test.suenhcosmetics.fr\/wp-content\/uploads\/2025\/03\/les-3-Trousse-e1744360184422.jpg\" title=\"les-3-Trousse.jpg\" alt=\"les-3-Trousse.jpg\" loading=\"lazy\" \/>\t\t\t\t\t\t\t\t\t\t\t\t\t\t\t<\/div>\n\t\t\t\t<\/div>\n\t\t\t\t<\/div>\n\t\t\t\t\t<\/div>\n\t\t\t\t<\/div>\n\t\t\t\t<\/div>\n\t\t","protected":false},"excerpt":{"rendered":"<div class=\"suenh-product-box\">\n<div class=\"suenh-tags\"><span class=\"suenh-tag\">Fait main en Occitanie<\/span><br \/>\n<span class=\"suenh-tag\">Disponible en 3 coloris<\/span><br \/>\n<span class=\"suenh-tag\">Objet durable<\/span><\/div>\n<p class=\"suenh-ml\">20 x 13 x 6 cm<\/p>\n<h3 class=\"suenh-title\">RANGE \u2013 PROT\u00c8GE \u2013 ACCOMPAGNE<\/h3>\n<p>Une trousse de toilette artisanale con\u00e7ue pour accueillir vos essentiels SU\u00c8NH. Doubl\u00e9e, douce, compacte et pratique, elle allie esth\u00e9tique naturelle et savoir-faire local.<\/p>\n<ul class=\"suenh-list\">\n<li><strong>Prot\u00e8ge<\/strong> vos soins et accessoires<\/li>\n<li><strong>Format pratique<\/strong> pour sac ou voyage<\/li>\n<li><strong>Lavable et r\u00e9utilisable<\/strong> \u00e0 l\u2019infini<\/li>\n<li><strong>Fabrication artisanale<\/strong> en s\u00e9ries limit\u00e9es<\/li>\n<\/ul>\n<p>Trois coloris inspir\u00e9s de la nature : \ud83c\udf3c Bouton d\u2019Or \u2013 \ud83d\udca7 Bleuet \u2013 \ud83c\udf38 Rose Poudr\u00e9.<\/p>\n<p class=\"suenh-footnote\"><strong>Chaque pi\u00e8ce est cousue \u00e0 la main par une couturi\u00e8re professionnelle dans notre atelier d\u2019Occitanie.<\/strong><\/p>\n<\/div>\n","protected":false},"featured_media":3753,"comment_status":"open","ping_status":"closed","template":"","meta":{"site-sidebar-layout":"no-sidebar","site-content-layout":"","ast-site-content-layout":"normal-width-container","site-content-style":"unboxed","site-sidebar-style":"unboxed","ast-global-header-display":"","ast-banner-title-visibility":"","ast-main-header-display":"","ast-hfb-above-header-display":"","ast-hfb-below-header-display":"","ast-hfb-mobile-header-display":"","site-post-title":"","ast-breadcrumbs-content":"","ast-featured-img":"","footer-sml-layout":"","theme-transparent-header-meta":"default","adv-header-id-meta":"","stick-header-meta":"","header-above-stick-meta":"","header-main-stick-meta":"","header-below-stick-meta":"","astra-migrate-meta-layouts":"set","ast-page-background-enabled":"default","ast-page-background-meta":{"desktop":{"background-color":"var(--ast-global-color-5)","background-image":"","background-repeat":"repeat","background-position":"center center","background-size":"auto","background-attachment":"scroll","background-type":"","background-media":"","overlay-type":"","overlay-color":"","overlay-opacity":"","overlay-gradient":""},"tablet":{"background-color":"","background-image":"","background-repeat":"repeat","background-position":"center center","background-size":"auto","background-attachment":"scroll","background-type":"","background-media":"","overlay-type":"","overlay-color":"","overlay-opacity":"","overlay-gradient":""},"mobile":{"background-color":"","background-image":"","background-repeat":"repeat","background-position":"center center","background-size":"auto","background-attachment":"scroll","background-type":"","background-media":"","overlay-type":"","overlay-color":"","overlay-opacity":"","overlay-gradient":""}},"ast-content-background-meta":{"desktop":{"background-color":"var(--ast-global-color-4)","background-image":"","background-repeat":"repeat","background-position":"center center","background-size":"auto","background-attachment":"scroll","background-type":"","background-media":"","overlay-type":"","overlay-color":"","overlay-opacity":"","overlay-gradient":""},"tablet":{"background-color":"var(--ast-global-color-4)","background-image":"","background-repeat":"repeat","background-position":"center center","background-size":"auto","background-attachment":"scroll","background-type":"","background-media":"","overlay-type":"","overlay-color":"","overlay-opacity":"","overlay-gradient":""},"mobile":{"background-color":"var(--ast-global-color-4)","background-image":"","background-repeat":"repeat","background-position":"center center","background-size":"auto","background-attachment":"scroll","background-type":"","background-media":"","overlay-type":"","overlay-color":"","overlay-opacity":"","overlay-gradient":""}}},"product_brand":[],"product_cat":[24],"product_tag":[],"class_list":{"0":"post-1101","1":"product","2":"type-product","3":"status-publish","4":"has-post-thumbnail","6":"product_cat-accessoires","7":"desktop-align-left","8":"tablet-align-left","9":"mobile-align-left","11":"first","12":"instock","13":"purchasable","14":"product-type-variable"},"_links":{"self":[{"href":"https:\/\/www.test.suenhcosmetics.fr\/index.php\/wp-json\/wp\/v2\/product\/1101","targetHints":{"allow":["GET"]}}],"collection":[{"href":"https:\/\/www.test.suenhcosmetics.fr\/index.php\/wp-json\/wp\/v2\/product"}],"about":[{"href":"https:\/\/www.test.suenhcosmetics.fr\/index.php\/wp-json\/wp\/v2\/types\/product"}],"replies":[{"embeddable":true,"href":"https:\/\/www.test.suenhcosmetics.fr\/index.php\/wp-json\/wp\/v2\/comments?post=1101"}],"version-history":[{"count":1,"href":"https:\/\/www.test.suenhcosmetics.fr\/index.php\/wp-json\/wp\/v2\/product\/1101\/revisions"}],"predecessor-version":[{"id":3836,"href":"https:\/\/www.test.suenhcosmetics.fr\/index.php\/wp-json\/wp\/v2\/product\/1101\/revisions\/3836"}],"wp:featuredmedia":[{"embeddable":true,"href":"https:\/\/www.test.suenhcosmetics.fr\/index.php\/wp-json\/wp\/v2\/media\/3753"}],"wp:attachment":[{"href":"https:\/\/www.test.suenhcosmetics.fr\/index.php\/wp-json\/wp\/v2\/media?parent=1101"}],"wp:term":[{"taxonomy":"product_brand","embeddable":true,"href":"https:\/\/www.test.suenhcosmetics.fr\/index.php\/wp-json\/wp\/v2\/product_brand?post=1101"},{"taxonomy":"product_cat","embeddable":true,"href":"https:\/\/www.test.suenhcosmetics.fr\/index.php\/wp-json\/wp\/v2\/product_cat?post=1101"},{"taxonomy":"product_tag","embeddable":true,"href":"https:\/\/www.test.suenhcosmetics.fr\/index.php\/wp-json\/wp\/v2\/product_tag?post=1101"}],"curies":[{"name":"wp","href":"https:\/\/api.w.org\/{rel}","templated":true}]}}