{"id":1099,"date":"2023-03-09T17:05:47","date_gmt":"2023-03-09T16:05:47","guid":{"rendered":"https:\/\/www.test.suenhcosmetics.fr\/?post_type=product&#038;p=1099"},"modified":"2025-05-28T14:51:56","modified_gmt":"2025-05-28T12:51:56","slug":"lotion-botanique-pomme-sauvage-50-ml","status":"publish","type":"product","link":"https:\/\/www.test.suenhcosmetics.fr\/index.php\/produit\/lotion-botanique-pomme-sauvage-50-ml\/","title":{"rendered":"Lotion Botanique | Pomme Sauvage"},"content":{"rendered":"\t\t<div data-elementor-type=\"wp-post\" data-elementor-id=\"1099\" class=\"elementor elementor-1099\">\n\t\t\t\t<div class=\"elementor-element elementor-element-e464d2a e-flex e-con-boxed e-con e-parent\" data-id=\"e464d2a\" data-element_type=\"container\">\n\t\t\t\t\t<div class=\"e-con-inner\">\n\t\t<div class=\"elementor-element elementor-element-e6dde0f e-con-full e-flex e-con e-child\" data-id=\"e6dde0f\" data-element_type=\"container\">\n\t\t\t\t<\/div>\n\t\t<div class=\"elementor-element elementor-element-72e591f e-con-full e-flex e-con e-child\" data-id=\"72e591f\" data-element_type=\"container\">\n\t\t\t\t<div class=\"elementor-element elementor-element-1d9e9ad elementor-widget__width-initial elementor-widget elementor-widget-image\" data-id=\"1d9e9ad\" data-element_type=\"widget\" data-widget_type=\"image.default\">\n\t\t\t\t<div class=\"elementor-widget-container\">\n\t\t\t\t\t\t\t\t\t\t\t\t\t\t\t<img fetchpriority=\"high\" decoding=\"async\" width=\"800\" height=\"826\" src=\"https:\/\/www.test.suenhcosmetics.fr\/wp-content\/uploads\/2023\/03\/HA-pomme2.jpg\" class=\"attachment-large size-large wp-image-1918\" alt=\"\" srcset=\"https:\/\/www.test.suenhcosmetics.fr\/wp-content\/uploads\/2023\/03\/HA-pomme2.jpg 800w, https:\/\/www.test.suenhcosmetics.fr\/wp-content\/uploads\/2023\/03\/HA-pomme2-291x300.jpg 291w, https:\/\/www.test.suenhcosmetics.fr\/wp-content\/uploads\/2023\/03\/HA-pomme2-768x793.jpg 768w, https:\/\/www.test.suenhcosmetics.fr\/wp-content\/uploads\/2023\/03\/HA-pomme2-600x620.jpg 600w\" sizes=\"(max-width: 800px) 100vw, 800px\" \/>\t\t\t\t\t\t\t\t\t\t\t\t\t\t\t<\/div>\n\t\t\t\t<\/div>\n\t\t\t\t<\/div>\n\t\t\t\t\t<\/div>\n\t\t\t\t<\/div>\n\t\t\t\t<\/div>\n\t\t","protected":false},"excerpt":{"rendered":"<div class=\"suenh-product-box\">\n<div class=\"suenh-tags\"><span class=\"suenh-tag\">Peaux s\u00e8ches ou matures<\/span><br \/>\n<span class=\"suenh-tag\">Hydrolat de pomme sauvage<\/span><br \/>\n<span class=\"suenh-tag\">Sans conservateur<\/span><\/div>\n<p class=\"suenh-ml\">50 ml<\/p>\n<h3 class=\"suenh-title\">TONIFIE \u2013 ADOUCIT \u2013 ILLUMINE<\/h3>\n<p>Une lotion douce \u00e0 la <strong>pomme sauvage<\/strong> qui r\u00e9veille l\u2019\u00e9clat des peaux s\u00e8ches, ternes ou matures tout en les hydratant et tonifiant.<\/p>\n<ul class=\"suenh-list\">\n<li><strong>Adoucit<\/strong> et hydrate gr\u00e2ce aux sucres naturels<\/li>\n<li><strong>Tonifie<\/strong> avec les acides doux de fruits<\/li>\n<li><strong>Illumine<\/strong> les teints ternes<\/li>\n<li><strong>Sans conservateur<\/strong>, ni parfum ajout\u00e9<\/li>\n<\/ul>\n<p>Une brume sensorielle fruit\u00e9e, id\u00e9ale au quotidien.<\/p>\n<p class=\"suenh-footnote\"><strong>Hydrolat issu de pommes sauvages r\u00e9colt\u00e9es \u00e0 la main et distill\u00e9es dans notre atelier en Occitanie.<\/strong><\/p>\n<\/div>\n","protected":false},"featured_media":3763,"comment_status":"open","ping_status":"closed","template":"","meta":{"site-sidebar-layout":"no-sidebar","site-content-layout":"","ast-site-content-layout":"normal-width-container","site-content-style":"unboxed","site-sidebar-style":"unboxed","ast-global-header-display":"","ast-banner-title-visibility":"","ast-main-header-display":"","ast-hfb-above-header-display":"","ast-hfb-below-header-display":"","ast-hfb-mobile-header-display":"","site-post-title":"","ast-breadcrumbs-content":"","ast-featured-img":"","footer-sml-layout":"","theme-transparent-header-meta":"default","adv-header-id-meta":"","stick-header-meta":"","header-above-stick-meta":"","header-main-stick-meta":"","header-below-stick-meta":"","astra-migrate-meta-layouts":"set","ast-page-background-enabled":"default","ast-page-background-meta":{"desktop":{"background-color":"var(--ast-global-color-5)","background-image":"","background-repeat":"repeat","background-position":"center center","background-size":"auto","background-attachment":"scroll","background-type":"","background-media":"","overlay-type":"","overlay-color":"","overlay-opacity":"","overlay-gradient":""},"tablet":{"background-color":"","background-image":"","background-repeat":"repeat","background-position":"center center","background-size":"auto","background-attachment":"scroll","background-type":"","background-media":"","overlay-type":"","overlay-color":"","overlay-opacity":"","overlay-gradient":""},"mobile":{"background-color":"","background-image":"","background-repeat":"repeat","background-position":"center center","background-size":"auto","background-attachment":"scroll","background-type":"","background-media":"","overlay-type":"","overlay-color":"","overlay-opacity":"","overlay-gradient":""}},"ast-content-background-meta":{"desktop":{"background-color":"var(--ast-global-color-4)","background-image":"","background-repeat":"repeat","background-position":"center center","background-size":"auto","background-attachment":"scroll","background-type":"","background-media":"","overlay-type":"","overlay-color":"","overlay-opacity":"","overlay-gradient":""},"tablet":{"background-color":"var(--ast-global-color-4)","background-image":"","background-repeat":"repeat","background-position":"center center","background-size":"auto","background-attachment":"scroll","background-type":"","background-media":"","overlay-type":"","overlay-color":"","overlay-opacity":"","overlay-gradient":""},"mobile":{"background-color":"var(--ast-global-color-4)","background-image":"","background-repeat":"repeat","background-position":"center center","background-size":"auto","background-attachment":"scroll","background-type":"","background-media":"","overlay-type":"","overlay-color":"","overlay-opacity":"","overlay-gradient":""}}},"product_brand":[],"product_cat":[53,47,55,20],"product_tag":[43],"class_list":{"0":"post-1099","1":"product","2":"type-product","3":"status-publish","4":"has-post-thumbnail","6":"product_cat-deshydratation","7":"product_cat-lotions-botaniques","8":"product_cat-teint-terne","9":"product_cat-soins-visages","10":"product_tag-lotion-pomme","11":"desktop-align-left","12":"tablet-align-left","13":"mobile-align-left","15":"first","16":"instock","17":"purchasable","18":"product-type-simple"},"_links":{"self":[{"href":"https:\/\/www.test.suenhcosmetics.fr\/index.php\/wp-json\/wp\/v2\/product\/1099","targetHints":{"allow":["GET"]}}],"collection":[{"href":"https:\/\/www.test.suenhcosmetics.fr\/index.php\/wp-json\/wp\/v2\/product"}],"about":[{"href":"https:\/\/www.test.suenhcosmetics.fr\/index.php\/wp-json\/wp\/v2\/types\/product"}],"replies":[{"embeddable":true,"href":"https:\/\/www.test.suenhcosmetics.fr\/index.php\/wp-json\/wp\/v2\/comments?post=1099"}],"version-history":[{"count":1,"href":"https:\/\/www.test.suenhcosmetics.fr\/index.php\/wp-json\/wp\/v2\/product\/1099\/revisions"}],"predecessor-version":[{"id":3516,"href":"https:\/\/www.test.suenhcosmetics.fr\/index.php\/wp-json\/wp\/v2\/product\/1099\/revisions\/3516"}],"wp:featuredmedia":[{"embeddable":true,"href":"https:\/\/www.test.suenhcosmetics.fr\/index.php\/wp-json\/wp\/v2\/media\/3763"}],"wp:attachment":[{"href":"https:\/\/www.test.suenhcosmetics.fr\/index.php\/wp-json\/wp\/v2\/media?parent=1099"}],"wp:term":[{"taxonomy":"product_brand","embeddable":true,"href":"https:\/\/www.test.suenhcosmetics.fr\/index.php\/wp-json\/wp\/v2\/product_brand?post=1099"},{"taxonomy":"product_cat","embeddable":true,"href":"https:\/\/www.test.suenhcosmetics.fr\/index.php\/wp-json\/wp\/v2\/product_cat?post=1099"},{"taxonomy":"product_tag","embeddable":true,"href":"https:\/\/www.test.suenhcosmetics.fr\/index.php\/wp-json\/wp\/v2\/product_tag?post=1099"}],"curies":[{"name":"wp","href":"https:\/\/api.w.org\/{rel}","templated":true}]}}