{"id":1027,"date":"2023-03-09T16:53:54","date_gmt":"2023-03-09T15:53:54","guid":{"rendered":"https:\/\/www.test.suenhcosmetics.fr\/?post_type=product&#038;p=1027"},"modified":"2025-05-28T10:58:46","modified_gmt":"2025-05-28T08:58:46","slug":"lotion-botanique-apaisante-calendula-50-ml","status":"publish","type":"product","link":"https:\/\/www.test.suenhcosmetics.fr\/index.php\/produit\/lotion-botanique-apaisante-calendula-50-ml\/","title":{"rendered":"Lotion Botanique | Calendula"},"content":{"rendered":"\t\t<div data-elementor-type=\"wp-post\" data-elementor-id=\"1027\" class=\"elementor elementor-1027\">\n\t\t\t\t<div class=\"elementor-element elementor-element-205b4fd e-flex e-con-boxed e-con e-parent\" data-id=\"205b4fd\" data-element_type=\"container\">\n\t\t\t\t\t<div class=\"e-con-inner\">\n\t\t<div class=\"elementor-element elementor-element-ffe9354 e-con-full e-flex e-con e-child\" data-id=\"ffe9354\" data-element_type=\"container\">\n\t\t\t\t<\/div>\n\t\t<div class=\"elementor-element elementor-element-b729249 e-con-full e-flex e-con e-child\" data-id=\"b729249\" data-element_type=\"container\">\n\t\t\t\t<div class=\"elementor-element elementor-element-11177c7 elementor-widget__width-initial elementor-widget elementor-widget-image\" data-id=\"11177c7\" data-element_type=\"widget\" data-widget_type=\"image.default\">\n\t\t\t\t<div class=\"elementor-widget-container\">\n\t\t\t\t\t\t\t\t\t\t\t\t\t\t\t<img fetchpriority=\"high\" decoding=\"async\" width=\"1024\" height=\"1024\" src=\"https:\/\/www.test.suenhcosmetics.fr\/wp-content\/uploads\/2023\/03\/IMG-20210823-WA0027-1024x1024.jpg\" class=\"attachment-large size-large wp-image-4575\" alt=\"\" srcset=\"https:\/\/www.test.suenhcosmetics.fr\/wp-content\/uploads\/2023\/03\/IMG-20210823-WA0027-1024x1024.jpg 1024w, https:\/\/www.test.suenhcosmetics.fr\/wp-content\/uploads\/2023\/03\/IMG-20210823-WA0027-300x300.jpg 300w, https:\/\/www.test.suenhcosmetics.fr\/wp-content\/uploads\/2023\/03\/IMG-20210823-WA0027-150x150.jpg 150w, https:\/\/www.test.suenhcosmetics.fr\/wp-content\/uploads\/2023\/03\/IMG-20210823-WA0027-768x768.jpg 768w, https:\/\/www.test.suenhcosmetics.fr\/wp-content\/uploads\/2023\/03\/IMG-20210823-WA0027-1320x1320.jpg 1320w, https:\/\/www.test.suenhcosmetics.fr\/wp-content\/uploads\/2023\/03\/IMG-20210823-WA0027-600x600.jpg 600w, https:\/\/www.test.suenhcosmetics.fr\/wp-content\/uploads\/2023\/03\/IMG-20210823-WA0027-100x100.jpg 100w, https:\/\/www.test.suenhcosmetics.fr\/wp-content\/uploads\/2023\/03\/IMG-20210823-WA0027.jpg 800w\" sizes=\"(max-width: 1024px) 100vw, 1024px\" \/>\t\t\t\t\t\t\t\t\t\t\t\t\t\t\t<\/div>\n\t\t\t\t<\/div>\n\t\t\t\t<\/div>\n\t\t\t\t\t<\/div>\n\t\t\t\t<\/div>\n\t\t\t\t<\/div>\n\t\t","protected":false},"excerpt":{"rendered":"<div class=\"suenh-product-box\">\n<div class=\"suenh-tags\"><span class=\"suenh-tag\">Peaux sensibles, irrit\u00e9es<\/span><br \/>\n<span class=\"suenh-tag\">100% fleurs de calendula<\/span><br \/>\n<span class=\"suenh-tag\">Sans conservateur<\/span><\/div>\n<p class=\"suenh-ml\">50 ml<\/p>\n<h3 class=\"suenh-title\">APAISANTE \u2013 CICATRISANTE \u2013 ADOUCISSANTE<\/h3>\n<p>Ultra-douce, cette lotion botanique au <strong>Calendula officinal<\/strong> calme les peaux fragilis\u00e9es, r\u00e9duit les rougeurs et soutient la r\u00e9g\u00e9n\u00e9ration cutan\u00e9e.<\/p>\n<ul class=\"suenh-list\">\n<li><strong>Apaise<\/strong> les peaux sensibles ou irrit\u00e9es<\/li>\n<li><strong>Adoucit<\/strong> et apporte confort<\/li>\n<li><strong>Favorise la cicatrisation<\/strong> des imperfections<\/li>\n<li><strong>Sans conservateur<\/strong>, ni parfum ajout\u00e9<\/li>\n<\/ul>\n<p>Id\u00e9ale en soin apr\u00e8s l\u2019\u00e9pilation ou en compresse apaisante.<\/p>\n<p class=\"suenh-footnote\"><strong>Distill\u00e9e dans notre alambic \u00e0 partir de fleurs de calendula cultiv\u00e9es \u00e0 la main en Occitanie.<\/strong><\/p>\n<\/div>\n","protected":false},"featured_media":3762,"comment_status":"open","ping_status":"closed","template":"","meta":{"site-sidebar-layout":"no-sidebar","site-content-layout":"","ast-site-content-layout":"normal-width-container","site-content-style":"unboxed","site-sidebar-style":"unboxed","ast-global-header-display":"","ast-banner-title-visibility":"","ast-main-header-display":"","ast-hfb-above-header-display":"","ast-hfb-below-header-display":"","ast-hfb-mobile-header-display":"","site-post-title":"","ast-breadcrumbs-content":"","ast-featured-img":"","footer-sml-layout":"","theme-transparent-header-meta":"default","adv-header-id-meta":"","stick-header-meta":"","header-above-stick-meta":"","header-main-stick-meta":"","header-below-stick-meta":"","astra-migrate-meta-layouts":"set","ast-page-background-enabled":"default","ast-page-background-meta":{"desktop":{"background-color":"var(--ast-global-color-5)","background-image":"","background-repeat":"repeat","background-position":"center center","background-size":"auto","background-attachment":"scroll","background-type":"","background-media":"","overlay-type":"","overlay-color":"","overlay-opacity":"","overlay-gradient":""},"tablet":{"background-color":"","background-image":"","background-repeat":"repeat","background-position":"center center","background-size":"auto","background-attachment":"scroll","background-type":"","background-media":"","overlay-type":"","overlay-color":"","overlay-opacity":"","overlay-gradient":""},"mobile":{"background-color":"","background-image":"","background-repeat":"repeat","background-position":"center center","background-size":"auto","background-attachment":"scroll","background-type":"","background-media":"","overlay-type":"","overlay-color":"","overlay-opacity":"","overlay-gradient":""}},"ast-content-background-meta":{"desktop":{"background-color":"var(--ast-global-color-4)","background-image":"","background-repeat":"repeat","background-position":"center center","background-size":"auto","background-attachment":"scroll","background-type":"","background-media":"","overlay-type":"","overlay-color":"","overlay-opacity":"","overlay-gradient":""},"tablet":{"background-color":"var(--ast-global-color-4)","background-image":"","background-repeat":"repeat","background-position":"center center","background-size":"auto","background-attachment":"scroll","background-type":"","background-media":"","overlay-type":"","overlay-color":"","overlay-opacity":"","overlay-gradient":""},"mobile":{"background-color":"var(--ast-global-color-4)","background-image":"","background-repeat":"repeat","background-position":"center center","background-size":"auto","background-attachment":"scroll","background-type":"","background-media":"","overlay-type":"","overlay-color":"","overlay-opacity":"","overlay-gradient":""}}},"product_brand":[],"product_cat":[53,47,56,20],"product_tag":[44],"class_list":{"0":"post-1027","1":"product","2":"type-product","3":"status-publish","4":"has-post-thumbnail","6":"product_cat-deshydratation","7":"product_cat-lotions-botaniques","8":"product_cat-peaux-sensibles","9":"product_cat-soins-visages","10":"product_tag-lotion-calendula","11":"desktop-align-left","12":"tablet-align-left","13":"mobile-align-left","15":"first","16":"instock","17":"purchasable","18":"product-type-simple"},"_links":{"self":[{"href":"https:\/\/www.test.suenhcosmetics.fr\/index.php\/wp-json\/wp\/v2\/product\/1027","targetHints":{"allow":["GET"]}}],"collection":[{"href":"https:\/\/www.test.suenhcosmetics.fr\/index.php\/wp-json\/wp\/v2\/product"}],"about":[{"href":"https:\/\/www.test.suenhcosmetics.fr\/index.php\/wp-json\/wp\/v2\/types\/product"}],"replies":[{"embeddable":true,"href":"https:\/\/www.test.suenhcosmetics.fr\/index.php\/wp-json\/wp\/v2\/comments?post=1027"}],"version-history":[{"count":6,"href":"https:\/\/www.test.suenhcosmetics.fr\/index.php\/wp-json\/wp\/v2\/product\/1027\/revisions"}],"predecessor-version":[{"id":4581,"href":"https:\/\/www.test.suenhcosmetics.fr\/index.php\/wp-json\/wp\/v2\/product\/1027\/revisions\/4581"}],"wp:featuredmedia":[{"embeddable":true,"href":"https:\/\/www.test.suenhcosmetics.fr\/index.php\/wp-json\/wp\/v2\/media\/3762"}],"wp:attachment":[{"href":"https:\/\/www.test.suenhcosmetics.fr\/index.php\/wp-json\/wp\/v2\/media?parent=1027"}],"wp:term":[{"taxonomy":"product_brand","embeddable":true,"href":"https:\/\/www.test.suenhcosmetics.fr\/index.php\/wp-json\/wp\/v2\/product_brand?post=1027"},{"taxonomy":"product_cat","embeddable":true,"href":"https:\/\/www.test.suenhcosmetics.fr\/index.php\/wp-json\/wp\/v2\/product_cat?post=1027"},{"taxonomy":"product_tag","embeddable":true,"href":"https:\/\/www.test.suenhcosmetics.fr\/index.php\/wp-json\/wp\/v2\/product_tag?post=1027"}],"curies":[{"name":"wp","href":"https:\/\/api.w.org\/{rel}","templated":true}]}}