{"id":1371,"date":"2025-03-27T11:36:36","date_gmt":"2025-03-27T10:36:36","guid":{"rendered":"https:\/\/www.test.suenhcosmetics.fr\/?page_id=1371"},"modified":"2025-05-28T15:08:54","modified_gmt":"2025-05-28T13:08:54","slug":"notre-histoire","status":"publish","type":"page","link":"https:\/\/www.test.suenhcosmetics.fr\/index.php\/notre-histoire\/","title":{"rendered":"Notre Histoire"},"content":{"rendered":"\t\t<div data-elementor-type=\"wp-page\" data-elementor-id=\"1371\" class=\"elementor elementor-1371\">\n\t\t\t\t<div class=\"elementor-element elementor-element-ae2dc42 e-con-full e-flex e-con e-parent\" data-id=\"ae2dc42\" data-element_type=\"container\" data-settings=\"{&quot;background_background&quot;:&quot;classic&quot;}\">\n\t\t\t\t<div class=\"elementor-element elementor-element-9d33f98 elementor-widget elementor-widget-text-editor\" data-id=\"9d33f98\" data-element_type=\"widget\" data-widget_type=\"text-editor.default\">\n\t\t\t\t<div class=\"elementor-widget-container\">\n\t\t\t\t\t\t\t\t\t<p>NOTRE HISTOIRE<\/p>\t\t\t\t\t\t\t\t<\/div>\n\t\t\t\t<\/div>\n\t\t\t\t<div class=\"elementor-element elementor-element-c21e850 elementor-widget-mobile__width-initial elementor-widget elementor-widget-heading\" data-id=\"c21e850\" data-element_type=\"widget\" data-widget_type=\"heading.default\">\n\t\t\t\t<div class=\"elementor-widget-container\">\n\t\t\t\t\t<h2 class=\"elementor-heading-title elementor-size-default\">Une Origine <b>Ancr\u00e9e dans la Nature<\/b><\/h2>\t\t\t\t<\/div>\n\t\t\t\t<\/div>\n\t\t\t\t<div class=\"elementor-element elementor-element-cc4b09e elementor-widget__width-initial elementor-widget elementor-widget-heading\" data-id=\"cc4b09e\" data-element_type=\"widget\" data-widget_type=\"heading.default\">\n\t\t\t\t<div class=\"elementor-widget-container\">\n\t\t\t\t\t<h2 class=\"elementor-heading-title elementor-size-default\">SU\u00c8NH est n\u00e9e l\u00e0 o\u00f9 les saisons se vivent intens\u00e9ment, au creux d\u2019une montagne et des champs, l\u00e0 o\u00f9 la terre parle encore \u00e0 ceux qui l\u2019\u00e9coutent.\u200b<\/h2>\t\t\t\t<\/div>\n\t\t\t\t<\/div>\n\t\t\t\t<\/div>\n\t\t<div class=\"elementor-element elementor-element-e8dc5cb e-con-full e-flex e-con e-parent\" data-id=\"e8dc5cb\" data-element_type=\"container\">\n\t\t<div class=\"elementor-element elementor-element-a280840 e-con-full e-flex e-con e-child\" data-id=\"a280840\" data-element_type=\"container\" data-settings=\"{&quot;background_background&quot;:&quot;classic&quot;}\">\n\t\t\t\t<\/div>\n\t\t<div class=\"elementor-element elementor-element-83429a8 e-con-full e-flex e-con e-child\" data-id=\"83429a8\" data-element_type=\"container\">\n\t\t\t\t<div class=\"elementor-element elementor-element-ae0d8aa elementor-widget elementor-widget-text-editor\" data-id=\"ae0d8aa\" data-element_type=\"widget\" data-widget_type=\"text-editor.default\">\n\t\t\t\t<div class=\"elementor-widget-container\">\n\t\t\t\t\t\t\t\t\t<p>Un territoire puissant et fragile<\/p>\t\t\t\t\t\t\t\t<\/div>\n\t\t\t\t<\/div>\n\t\t\t\t<div class=\"elementor-element elementor-element-2e38b1b elementor-widget elementor-widget-heading\" data-id=\"2e38b1b\" data-element_type=\"widget\" data-widget_type=\"heading.default\">\n\t\t\t\t<div class=\"elementor-widget-container\">\n\t\t\t\t\t<h2 class=\"elementor-heading-title elementor-size-default\">L\u00e0 O\u00f9 Tout Commence<\/h2>\t\t\t\t<\/div>\n\t\t\t\t<\/div>\n\t\t\t\t<div class=\"elementor-element elementor-element-43a1c68 elementor-widget__width-initial elementor-widget-mobile__width-initial elementor-widget elementor-widget-text-editor\" data-id=\"43a1c68\" data-element_type=\"widget\" data-widget_type=\"text-editor.default\">\n\t\t\t\t<div class=\"elementor-widget-container\">\n\t\t\t\t\t\t\t\t\t<p>SU\u00c8NH est n\u00e9e sur les terres pr\u00e9serv\u00e9es de la Montagne Noire, dans le Parc naturel du Haut-Languedoc.<br \/>Une terre unique, pleine de saveur et de caract\u00e8re, c\u2019est le contrefort du Massif Central aux cours d\u2019eau farouches, aux for\u00eats denses et vertes,\u2026 un \u00e9crin de biodiversit\u00e9.<br \/>Une nature sauvage et abondante, \u00e0 la v\u00e9g\u00e9tation tr\u00e8s contrast\u00e9e sur un petit territoire, \u00e0 la fois riche et simple, puissante et fragile.<\/p><p class=\"\" data-start=\"512\" data-end=\"850\">Ici, la nature impose son rythme et invite \u00e0 l\u2019humilit\u00e9. C\u2019est dans ce cadre authentique et vibrant que l\u2019aventure SU\u00c8NH a commenc\u00e9.<\/p>\t\t\t\t\t\t\t\t<\/div>\n\t\t\t\t<\/div>\n\t\t\t\t<\/div>\n\t\t\t\t<\/div>\n\t\t<div class=\"elementor-element elementor-element-950f05a e-con-full e-flex e-con e-parent\" data-id=\"950f05a\" data-element_type=\"container\">\n\t\t<div class=\"elementor-element elementor-element-543aff7 e-con-full e-flex e-con e-child\" data-id=\"543aff7\" data-element_type=\"container\">\n\t\t\t\t<div class=\"elementor-element elementor-element-13cd45e elementor-widget elementor-widget-text-editor\" data-id=\"13cd45e\" data-element_type=\"widget\" data-widget_type=\"text-editor.default\">\n\t\t\t\t<div class=\"elementor-widget-container\">\n\t\t\t\t\t\t\t\t\t<p>Sandrine, de la chimie au v\u00e9g\u00e9tal<\/p>\t\t\t\t\t\t\t\t<\/div>\n\t\t\t\t<\/div>\n\t\t\t\t<div class=\"elementor-element elementor-element-2da3cf8 elementor-widget elementor-widget-heading\" data-id=\"2da3cf8\" data-element_type=\"widget\" data-widget_type=\"heading.default\">\n\t\t\t\t<div class=\"elementor-widget-container\">\n\t\t\t\t\t<h2 class=\"elementor-heading-title elementor-size-default\">Une fondatrice entre intuition et formulation<\/h2>\t\t\t\t<\/div>\n\t\t\t\t<\/div>\n\t\t\t\t<div class=\"elementor-element elementor-element-9599ae9 elementor-widget__width-initial elementor-widget-mobile__width-initial elementor-widget elementor-widget-text-editor\" data-id=\"9599ae9\" data-element_type=\"widget\" data-widget_type=\"text-editor.default\">\n\t\t\t\t<div class=\"elementor-widget-container\">\n\t\t\t\t\t\t\t\t\t<p>\u00c0 l\u2019origine de SU\u00c8NH, il y a une histoire ancr\u00e9e dans la terre, une qu\u00eate de coh\u00e9rence et de simplicit\u00e9.<br data-start=\"551\" data-end=\"554\" \/>Sandrine y retrouve le rythme du vivant : celui du geste patient, du temps long et du lien profond entre la peau et les plantes.<br data-start=\"551\" data-end=\"554\" \/>Apr\u00e8s 25 ans pass\u00e9s en recherche et d\u00e9veloppement dans l\u2019industrie de la chimie, Sandrine choisit de revenir \u00e0 ses racines.<br \/>En 2019, elle obtient son diplome en agriculture biologique, perp\u00e9tue les gestes de ses grands-parents agriculteurs et d\u00e9cide de conjuguer rigueur scientifique et savoir-faire artisanal.<\/p><p class=\"\" data-start=\"512\" data-end=\"850\">Cette double expertise donne naissance \u00e0 une approche unique : des soins naturels, bruts, efficaces et fabriqu\u00e9s \u00e0 la main en local, en lien \u00e9troit avec les plantes du terroir \u2014 et sans compromis.<\/p>\t\t\t\t\t\t\t\t<\/div>\n\t\t\t\t<\/div>\n\t\t\t\t<\/div>\n\t\t<div class=\"elementor-element elementor-element-7c15dc7 e-con-full e-flex e-con e-child\" data-id=\"7c15dc7\" data-element_type=\"container\" data-settings=\"{&quot;background_background&quot;:&quot;classic&quot;}\">\n\t\t\t\t<\/div>\n\t\t\t\t<\/div>\n\t\t<div class=\"elementor-element elementor-element-35ccae2 e-con-full e-flex e-con e-parent\" data-id=\"35ccae2\" data-element_type=\"container\">\n\t\t<div class=\"elementor-element elementor-element-1c6d4fe e-con-full e-flex e-con e-child\" data-id=\"1c6d4fe\" data-element_type=\"container\" data-settings=\"{&quot;background_background&quot;:&quot;classic&quot;}\">\n\t\t\t\t<\/div>\n\t\t<div class=\"elementor-element elementor-element-70df50b e-con-full e-flex e-con e-child\" data-id=\"70df50b\" data-element_type=\"container\">\n\t\t\t\t<div class=\"elementor-element elementor-element-536ff87 elementor-widget elementor-widget-text-editor\" data-id=\"536ff87\" data-element_type=\"widget\" data-widget_type=\"text-editor.default\">\n\t\t\t\t<div class=\"elementor-widget-container\">\n\t\t\t\t\t\t\t\t\t<p>Des compositions simples et sinc\u00e8res<\/p>\t\t\t\t\t\t\t\t<\/div>\n\t\t\t\t<\/div>\n\t\t\t\t<div class=\"elementor-element elementor-element-781932b elementor-widget elementor-widget-heading\" data-id=\"781932b\" data-element_type=\"widget\" data-widget_type=\"heading.default\">\n\t\t\t\t<div class=\"elementor-widget-container\">\n\t\t\t\t\t<h2 class=\"elementor-heading-title elementor-size-default\">L'Essence De Nos Formules<\/h2>\t\t\t\t<\/div>\n\t\t\t\t<\/div>\n\t\t\t\t<div class=\"elementor-element elementor-element-6bdc388 elementor-widget__width-initial elementor-widget-mobile__width-initial elementor-widget elementor-widget-text-editor\" data-id=\"6bdc388\" data-element_type=\"widget\" data-widget_type=\"text-editor.default\">\n\t\t\t\t<div class=\"elementor-widget-container\">\n\t\t\t\t\t\t\t\t\t<p class=\"\" data-start=\"1639\" data-end=\"1820\">Chez SU\u00c8NH, chaque ingr\u00e9dient est s\u00e9lectionn\u00e9 pour sa qualit\u00e9, sa provenance locale et ses bienfaits authentiques.<\/p><p class=\"\" data-start=\"1822\" data-end=\"1965\">&#8211; Plantes bio, cultiv\u00e9es ou cueillies en sauvage \u00e0 la main.<br \/>&#8211; Huiles brutes issues de graines oubli\u00e9es.<br data-start=\"1911\" data-end=\"1914\" \/>&#8211; Formules courtes, 100% naturelles, sans superflu.<\/p><p class=\"\" data-start=\"1967\" data-end=\"2096\">Aucune fragrance artificielle, aucun ingr\u00e9dient inutile : seulement l\u2019essentiel, pens\u00e9 pour nourrir, apaiser et sublimer la peau.<\/p>\t\t\t\t\t\t\t\t<\/div>\n\t\t\t\t<\/div>\n\t\t\t\t<div class=\"elementor-element elementor-element-2588cbe elementor-mobile-align-center elementor-widget elementor-widget-button\" data-id=\"2588cbe\" data-element_type=\"widget\" data-widget_type=\"button.default\">\n\t\t\t\t<div class=\"elementor-widget-container\">\n\t\t\t\t\t\t\t\t\t<div class=\"elementor-button-wrapper\">\n\t\t\t\t\t<a class=\"elementor-button elementor-button-link elementor-size-sm\" href=\"https:\/\/www.test.suenhcosmetics.fr\/index.php\/nos-compositions\/\">\n\t\t\t\t\t\t<span class=\"elementor-button-content-wrapper\">\n\t\t\t\t\t\t\t\t\t<span class=\"elementor-button-text\">Nos Compositions<\/span>\n\t\t\t\t\t<\/span>\n\t\t\t\t\t<\/a>\n\t\t\t\t<\/div>\n\t\t\t\t\t\t\t\t<\/div>\n\t\t\t\t<\/div>\n\t\t\t\t<\/div>\n\t\t\t\t<\/div>\n\t\t<div class=\"elementor-element elementor-element-817433b e-con-full e-flex e-con e-parent\" data-id=\"817433b\" data-element_type=\"container\">\n\t\t<div class=\"elementor-element elementor-element-d9eb5f0 e-con-full e-flex e-con e-child\" data-id=\"d9eb5f0\" data-element_type=\"container\">\n\t\t\t\t<div class=\"elementor-element elementor-element-48a5622 elementor-widget elementor-widget-text-editor\" data-id=\"48a5622\" data-element_type=\"widget\" data-widget_type=\"text-editor.default\">\n\t\t\t\t<div class=\"elementor-widget-container\">\n\t\t\t\t\t\t\t\t\t<p>Redonner vie aux terres et aux savoirs<\/p>\t\t\t\t\t\t\t\t<\/div>\n\t\t\t\t<\/div>\n\t\t\t\t<div class=\"elementor-element elementor-element-f1a5a2c elementor-widget elementor-widget-heading\" data-id=\"f1a5a2c\" data-element_type=\"widget\" data-widget_type=\"heading.default\">\n\t\t\t\t<div class=\"elementor-widget-container\">\n\t\t\t\t\t<h2 class=\"elementor-heading-title elementor-size-default\">Une Philosophie Engag\u00e9e<\/h2>\t\t\t\t<\/div>\n\t\t\t\t<\/div>\n\t\t\t\t<div class=\"elementor-element elementor-element-de8ea83 elementor-widget__width-initial elementor-widget-mobile__width-initial elementor-widget elementor-widget-text-editor\" data-id=\"de8ea83\" data-element_type=\"widget\" data-widget_type=\"text-editor.default\">\n\t\t\t\t<div class=\"elementor-widget-container\">\n\t\t\t\t\t\t\t\t\t<p class=\"\" data-start=\"2143\" data-end=\"2402\">Pas de grand laboratoire, pas de production \u00e0 grande \u00e9chelle.<br \/>SU\u00c8NH, c\u2019est d&rsquo;anciens jardins r\u00e9habilit\u00e9s, nich\u00e9s au c\u0153ur de la nature, o\u00f9 chaque produit est pens\u00e9 et con\u00e7u avec soin, en petite s\u00e9rie et en lien d.<\/p><p class=\"\" data-start=\"2404\" data-end=\"2564\">Des jardins, un hameau ancien transform\u00e9 en lieux de culture vivant, un petit laboratoire, des gestes simples pour valoriser ce que la terre, la nature et les plantes ont de plus beau \u00e0 offrir.<\/p>\t\t\t\t\t\t\t\t<\/div>\n\t\t\t\t<\/div>\n\t\t\t\t<\/div>\n\t\t<div class=\"elementor-element elementor-element-1c0a01c e-con-full e-flex e-con e-child\" data-id=\"1c0a01c\" data-element_type=\"container\" data-settings=\"{&quot;background_background&quot;:&quot;classic&quot;}\">\n\t\t\t\t<\/div>\n\t\t\t\t<\/div>\n\t\t\t\t<\/div>\n\t\t","protected":false},"excerpt":{"rendered":"<p>NOTRE HISTOIRE Une Origine Ancr\u00e9e dans la Nature SU\u00c8NH est n\u00e9e l\u00e0 o\u00f9 les saisons se vivent intens\u00e9ment, au creux [&hellip;]<\/p>\n","protected":false},"author":1,"featured_media":0,"parent":0,"menu_order":0,"comment_status":"closed","ping_status":"closed","template":"","meta":{"site-sidebar-layout":"no-sidebar","site-content-layout":"","ast-site-content-layout":"full-width-container","site-content-style":"default","site-sidebar-style":"default","ast-global-header-display":"","ast-banner-title-visibility":"","ast-main-header-display":"","ast-hfb-above-header-display":"","ast-hfb-below-header-display":"","ast-hfb-mobile-header-display":"","site-post-title":"disabled","ast-breadcrumbs-content":"","ast-featured-img":"disabled","footer-sml-layout":"","theme-transparent-header-meta":"","adv-header-id-meta":"","stick-header-meta":"","header-above-stick-meta":"","header-main-stick-meta":"","header-below-stick-meta":"","astra-migrate-meta-layouts":"default","ast-page-background-enabled":"default","ast-page-background-meta":{"desktop":{"background-color":"var(--ast-global-color-5)","background-image":"","background-repeat":"repeat","background-position":"center center","background-size":"auto","background-attachment":"scroll","background-type":"","background-media":"","overlay-type":"","overlay-color":"","overlay-opacity":"","overlay-gradient":""},"tablet":{"background-color":"","background-image":"","background-repeat":"repeat","background-position":"center center","background-size":"auto","background-attachment":"scroll","background-type":"","background-media":"","overlay-type":"","overlay-color":"","overlay-opacity":"","overlay-gradient":""},"mobile":{"background-color":"","background-image":"","background-repeat":"repeat","background-position":"center center","background-size":"auto","background-attachment":"scroll","background-type":"","background-media":"","overlay-type":"","overlay-color":"","overlay-opacity":"","overlay-gradient":""}},"ast-content-background-meta":{"desktop":{"background-color":"var(--ast-global-color-4)","background-image":"","background-repeat":"repeat","background-position":"center center","background-size":"auto","background-attachment":"scroll","background-type":"","background-media":"","overlay-type":"","overlay-color":"","overlay-opacity":"","overlay-gradient":""},"tablet":{"background-color":"var(--ast-global-color-4)","background-image":"","background-repeat":"repeat","background-position":"center center","background-size":"auto","background-attachment":"scroll","background-type":"","background-media":"","overlay-type":"","overlay-color":"","overlay-opacity":"","overlay-gradient":""},"mobile":{"background-color":"var(--ast-global-color-4)","background-image":"","background-repeat":"repeat","background-position":"center center","background-size":"auto","background-attachment":"scroll","background-type":"","background-media":"","overlay-type":"","overlay-color":"","overlay-opacity":"","overlay-gradient":""}},"footnotes":""},"class_list":["post-1371","page","type-page","status-publish","hentry"],"_links":{"self":[{"href":"https:\/\/www.test.suenhcosmetics.fr\/index.php\/wp-json\/wp\/v2\/pages\/1371","targetHints":{"allow":["GET"]}}],"collection":[{"href":"https:\/\/www.test.suenhcosmetics.fr\/index.php\/wp-json\/wp\/v2\/pages"}],"about":[{"href":"https:\/\/www.test.suenhcosmetics.fr\/index.php\/wp-json\/wp\/v2\/types\/page"}],"author":[{"embeddable":true,"href":"https:\/\/www.test.suenhcosmetics.fr\/index.php\/wp-json\/wp\/v2\/users\/1"}],"replies":[{"embeddable":true,"href":"https:\/\/www.test.suenhcosmetics.fr\/index.php\/wp-json\/wp\/v2\/comments?post=1371"}],"version-history":[{"count":57,"href":"https:\/\/www.test.suenhcosmetics.fr\/index.php\/wp-json\/wp\/v2\/pages\/1371\/revisions"}],"predecessor-version":[{"id":4678,"href":"https:\/\/www.test.suenhcosmetics.fr\/index.php\/wp-json\/wp\/v2\/pages\/1371\/revisions\/4678"}],"wp:attachment":[{"href":"https:\/\/www.test.suenhcosmetics.fr\/index.php\/wp-json\/wp\/v2\/media?parent=1371"}],"curies":[{"name":"wp","href":"https:\/\/api.w.org\/{rel}","templated":true}]}}