{"id":1369,"date":"2025-03-27T11:36:10","date_gmt":"2025-03-27T10:36:10","guid":{"rendered":"https:\/\/www.test.suenhcosmetics.fr\/?page_id=1369"},"modified":"2025-05-28T15:38:04","modified_gmt":"2025-05-28T13:38:04","slug":"nos-compositions","status":"publish","type":"page","link":"https:\/\/www.test.suenhcosmetics.fr\/index.php\/nos-compositions\/","title":{"rendered":"Nos Compositions"},"content":{"rendered":"\t\t<div data-elementor-type=\"wp-page\" data-elementor-id=\"1369\" class=\"elementor elementor-1369\">\n\t\t\t\t<div class=\"elementor-element elementor-element-bf73162 e-con-full e-flex e-con e-parent\" data-id=\"bf73162\" data-element_type=\"container\" data-settings=\"{&quot;background_background&quot;:&quot;classic&quot;}\">\n\t\t\t\t<div class=\"elementor-element elementor-element-098dabd elementor-widget-mobile__width-initial elementor-widget elementor-widget-heading\" data-id=\"098dabd\" data-element_type=\"widget\" data-widget_type=\"heading.default\">\n\t\t\t\t<div class=\"elementor-widget-container\">\n\t\t\t\t\t<h2 class=\"elementor-heading-title elementor-size-default\">Manifestus*<\/h2>\t\t\t\t<\/div>\n\t\t\t\t<\/div>\n\t\t\t\t<div class=\"elementor-element elementor-element-b7e5324 elementor-widget__width-initial elementor-widget-mobile__width-initial elementor-widget elementor-widget-heading\" data-id=\"b7e5324\" data-element_type=\"widget\" data-widget_type=\"heading.default\">\n\t\t\t\t<div class=\"elementor-widget-container\">\n\t\t\t\t\t<h2 class=\"elementor-heading-title elementor-size-default\">Ce que l'on touche, ce que l'on fa\u00e7onne, ce que l'on choisit d'incarner.<\/h2>\t\t\t\t<\/div>\n\t\t\t\t<\/div>\n\t\t\t\t<div class=\"elementor-element elementor-element-4ca9e34 elementor-widget__width-initial elementor-widget-mobile__width-initial elementor-widget elementor-widget-heading\" data-id=\"4ca9e34\" data-element_type=\"widget\" data-widget_type=\"heading.default\">\n\t\t\t\t<div class=\"elementor-widget-container\">\n\t\t\t\t\t<h2 class=\"elementor-heading-title elementor-size-default\"> Chez SU\u00c8NH, chaque cr\u00e9ation est le prolongement d'un <b>geste<\/b>, d'une <b>terre<\/b>, d'une <b>plante<\/b>, d'un <b>choix<\/b>.<\/h2>\t\t\t\t<\/div>\n\t\t\t\t<\/div>\n\t\t\t\t<div class=\"elementor-element elementor-element-8095e30 elementor-widget__width-initial e-transform elementor-widget elementor-widget-text-editor\" data-id=\"8095e30\" data-element_type=\"widget\" data-settings=\"{&quot;_transform_translateY_effect&quot;:{&quot;unit&quot;:&quot;px&quot;,&quot;size&quot;:104,&quot;sizes&quot;:[]},&quot;_transform_translateY_effect_mobile&quot;:{&quot;unit&quot;:&quot;px&quot;,&quot;size&quot;:0,&quot;sizes&quot;:[]},&quot;_transform_translateX_effect&quot;:{&quot;unit&quot;:&quot;px&quot;,&quot;size&quot;:&quot;&quot;,&quot;sizes&quot;:[]},&quot;_transform_translateX_effect_tablet&quot;:{&quot;unit&quot;:&quot;px&quot;,&quot;size&quot;:&quot;&quot;,&quot;sizes&quot;:[]},&quot;_transform_translateX_effect_mobile&quot;:{&quot;unit&quot;:&quot;px&quot;,&quot;size&quot;:&quot;&quot;,&quot;sizes&quot;:[]},&quot;_transform_translateY_effect_tablet&quot;:{&quot;unit&quot;:&quot;px&quot;,&quot;size&quot;:&quot;&quot;,&quot;sizes&quot;:[]}}\" data-widget_type=\"text-editor.default\">\n\t\t\t\t<div class=\"elementor-widget-container\">\n\t\t\t\t\t\t\t\t\t<p><i>*Manifeste:<br \/>\u00a0<\/i><i>Du latin \u00ab\u00a0manifestus\u00a0\u00bb: ce que l&rsquo;on peut saisir par la main<br \/>Dont la nature, la r\u00e9alit\u00e9, l&rsquo;authanticit\u00e9 s&rsquo;impose avec \u00e9vidence.<\/i><\/p>\t\t\t\t\t\t\t\t<\/div>\n\t\t\t\t<\/div>\n\t\t\t\t<\/div>\n\t\t<div class=\"elementor-element elementor-element-38fa43c e-flex e-con-boxed e-con e-parent\" data-id=\"38fa43c\" data-element_type=\"container\">\n\t\t\t\t\t<div class=\"e-con-inner\">\n\t\t\t\t<div class=\"elementor-element elementor-element-8700880 elementor-widget elementor-widget-heading\" data-id=\"8700880\" data-element_type=\"widget\" data-widget_type=\"heading.default\">\n\t\t\t\t<div class=\"elementor-widget-container\">\n\t\t\t\t\t<h2 class=\"elementor-heading-title elementor-size-default\">Su\u00e8nh c'est avant tout...<\/h2>\t\t\t\t<\/div>\n\t\t\t\t<\/div>\n\t\t\t\t<div class=\"elementor-element elementor-element-bb32c1d elementor-widget__width-initial elementor-widget-mobile__width-initial elementor-widget elementor-widget-text-editor\" data-id=\"bb32c1d\" data-element_type=\"widget\" data-widget_type=\"text-editor.default\">\n\t\t\t\t<div class=\"elementor-widget-container\">\n\t\t\t\t\t\t\t\t\t<p>&#8230; donner vie \u00e0 quelque chose de vrai, de sinc\u00e8re, simple et authentique. Ici, chaque soin porte en lui une saison, une ann\u00e9e de r\u00e9colte, un paysage, une attention.<br><b>Et vous surprendra par son efficacit\u00e9!<\/b><\/p>\t\t\t\t\t\t\t\t<\/div>\n\t\t\t\t<\/div>\n\t\t\t\t\t<\/div>\n\t\t\t\t<\/div>\n\t\t<div class=\"elementor-element elementor-element-54d1093 e-flex e-con-boxed e-con e-parent\" data-id=\"54d1093\" data-element_type=\"container\">\n\t\t\t\t\t<div class=\"e-con-inner\">\n\t\t<div class=\"elementor-element elementor-element-c6cd129 e-con-full e-flex e-con e-child\" data-id=\"c6cd129\" data-element_type=\"container\">\n\t\t\t\t<div class=\"elementor-element elementor-element-d8a7d68 elementor-widget elementor-widget-image\" data-id=\"d8a7d68\" data-element_type=\"widget\" data-widget_type=\"image.default\">\n\t\t\t\t<div class=\"elementor-widget-container\">\n\t\t\t\t\t\t\t\t\t\t\t\t\t\t\t<img fetchpriority=\"high\" decoding=\"async\" width=\"957\" height=\"1024\" src=\"https:\/\/www.test.suenhcosmetics.fr\/wp-content\/uploads\/2025\/05\/IMG_9441-957x1024.jpeg\" class=\"attachment-large size-large wp-image-4443\" alt=\"\" srcset=\"https:\/\/www.test.suenhcosmetics.fr\/wp-content\/uploads\/2025\/05\/IMG_9441-957x1024.jpeg 957w, https:\/\/www.test.suenhcosmetics.fr\/wp-content\/uploads\/2025\/05\/IMG_9441-280x300.jpeg 280w, https:\/\/www.test.suenhcosmetics.fr\/wp-content\/uploads\/2025\/05\/IMG_9441-768x822.jpeg 768w, https:\/\/www.test.suenhcosmetics.fr\/wp-content\/uploads\/2025\/05\/IMG_9441-1435x1536.jpeg 1435w, https:\/\/www.test.suenhcosmetics.fr\/wp-content\/uploads\/2025\/05\/IMG_9441-1913x2048.jpeg 1913w, https:\/\/www.test.suenhcosmetics.fr\/wp-content\/uploads\/2025\/05\/IMG_9441-1320x1413.jpeg 1320w, https:\/\/www.test.suenhcosmetics.fr\/wp-content\/uploads\/2025\/05\/IMG_9441-600x642.jpeg 600w, https:\/\/www.test.suenhcosmetics.fr\/wp-content\/uploads\/2025\/05\/IMG_9441.jpeg 747w\" sizes=\"(max-width: 957px) 100vw, 957px\" \/>\t\t\t\t\t\t\t\t\t\t\t\t\t\t\t<\/div>\n\t\t\t\t<\/div>\n\t\t\t\t<div class=\"elementor-element elementor-element-679096d elementor-widget elementor-widget-heading\" data-id=\"679096d\" data-element_type=\"widget\" data-widget_type=\"heading.default\">\n\t\t\t\t<div class=\"elementor-widget-container\">\n\t\t\t\t\t<h2 class=\"elementor-heading-title elementor-size-default\">Origine Naturelle<\/h2>\t\t\t\t<\/div>\n\t\t\t\t<\/div>\n\t\t\t\t<div class=\"elementor-element elementor-element-ac9b059 elementor-widget elementor-widget-text-editor\" data-id=\"ac9b059\" data-element_type=\"widget\" data-widget_type=\"text-editor.default\">\n\t\t\t\t<div class=\"elementor-widget-container\">\n\t\t\t\t\t\t\t\t\t<p>Une cosm\u00e9tique minimaliste, artisanale, saisonni\u00e8re et enracin\u00e9e dans la nature.<\/p>\t\t\t\t\t\t\t\t<\/div>\n\t\t\t\t<\/div>\n\t\t\t\t<\/div>\n\t\t<div class=\"elementor-element elementor-element-62fd01f e-con-full e-flex e-con e-child\" data-id=\"62fd01f\" data-element_type=\"container\">\n\t\t\t\t<div class=\"elementor-element elementor-element-2948465 elementor-widget elementor-widget-image\" data-id=\"2948465\" data-element_type=\"widget\" data-widget_type=\"image.default\">\n\t\t\t\t<div class=\"elementor-widget-container\">\n\t\t\t\t\t\t\t\t\t\t\t\t\t\t\t<img decoding=\"async\" width=\"1\" height=\"1\" src=\"https:\/\/www.test.suenhcosmetics.fr\/wp-content\/uploads\/2025\/05\/IMG_5472-2.jpg\" class=\"attachment-large size-large wp-image-4129\" alt=\"\" \/>\t\t\t\t\t\t\t\t\t\t\t\t\t\t\t<\/div>\n\t\t\t\t<\/div>\n\t\t\t\t<div class=\"elementor-element elementor-element-16b5fab elementor-widget elementor-widget-heading\" data-id=\"16b5fab\" data-element_type=\"widget\" data-widget_type=\"heading.default\">\n\t\t\t\t<div class=\"elementor-widget-container\">\n\t\t\t\t\t<h2 class=\"elementor-heading-title elementor-size-default\">Brutes, Locales<\/h2>\t\t\t\t<\/div>\n\t\t\t\t<\/div>\n\t\t\t\t<div class=\"elementor-element elementor-element-1e4e884 elementor-widget elementor-widget-text-editor\" data-id=\"1e4e884\" data-element_type=\"widget\" data-widget_type=\"text-editor.default\">\n\t\t\t\t<div class=\"elementor-widget-container\">\n\t\t\t\t\t\t\t\t\tParce que la nature ne triche pas et qu&rsquo;elle offre d\u00e9j\u00e0 tout.\nChaque plante est cultiv\u00e9e, cueillie et transform\u00e9e avec respect en harmonie avec le rythme des saisons.\t\t\t\t\t\t\t\t<\/div>\n\t\t\t\t<\/div>\n\t\t\t\t<\/div>\n\t\t<div class=\"elementor-element elementor-element-6353b62 e-con-full e-flex e-con e-child\" data-id=\"6353b62\" data-element_type=\"container\">\n\t\t\t\t<div class=\"elementor-element elementor-element-a067cd5 elementor-widget elementor-widget-image\" data-id=\"a067cd5\" data-element_type=\"widget\" data-widget_type=\"image.default\">\n\t\t\t\t<div class=\"elementor-widget-container\">\n\t\t\t\t\t\t\t\t\t\t\t\t\t\t\t<img decoding=\"async\" width=\"683\" height=\"1024\" src=\"https:\/\/www.test.suenhcosmetics.fr\/wp-content\/uploads\/2025\/05\/IMG_8488-683x1024.jpg\" class=\"attachment-large size-large wp-image-4054\" alt=\"\" srcset=\"https:\/\/www.test.suenhcosmetics.fr\/wp-content\/uploads\/2025\/05\/IMG_8488-683x1024.jpg 683w, https:\/\/www.test.suenhcosmetics.fr\/wp-content\/uploads\/2025\/05\/IMG_8488-200x300.jpg 200w, https:\/\/www.test.suenhcosmetics.fr\/wp-content\/uploads\/2025\/05\/IMG_8488-768x1152.jpg 768w, https:\/\/www.test.suenhcosmetics.fr\/wp-content\/uploads\/2025\/05\/IMG_8488-1024x1536.jpg 1024w, https:\/\/www.test.suenhcosmetics.fr\/wp-content\/uploads\/2025\/05\/IMG_8488-1365x2048.jpg 1365w, https:\/\/www.test.suenhcosmetics.fr\/wp-content\/uploads\/2025\/05\/IMG_8488-1320x1980.jpg 1320w, https:\/\/www.test.suenhcosmetics.fr\/wp-content\/uploads\/2025\/05\/IMG_8488-600x900.jpg 600w, https:\/\/www.test.suenhcosmetics.fr\/wp-content\/uploads\/2025\/05\/IMG_8488-scaled.jpg 533w\" sizes=\"(max-width: 683px) 100vw, 683px\" \/>\t\t\t\t\t\t\t\t\t\t\t\t\t\t\t<\/div>\n\t\t\t\t<\/div>\n\t\t\t\t<div class=\"elementor-element elementor-element-71ddab6 elementor-widget elementor-widget-heading\" data-id=\"71ddab6\" data-element_type=\"widget\" data-widget_type=\"heading.default\">\n\t\t\t\t<div class=\"elementor-widget-container\">\n\t\t\t\t\t<h2 class=\"elementor-heading-title elementor-size-default\">Transparence<\/h2>\t\t\t\t<\/div>\n\t\t\t\t<\/div>\n\t\t\t\t<div class=\"elementor-element elementor-element-946dfc8 elementor-widget elementor-widget-text-editor\" data-id=\"946dfc8\" data-element_type=\"widget\" data-widget_type=\"text-editor.default\">\n\t\t\t\t<div class=\"elementor-widget-container\">\n\t\t\t\t\t\t\t\t\tSU\u00c8NH suit le rythme de la vie et vous offre des soins purs, bruts, riches en principes actifs et sans conservateurs ni ingr\u00e9dients controvers\u00e9s mais essentiels.\nJuste \u00e7a!\t\t\t\t\t\t\t\t<\/div>\n\t\t\t\t<\/div>\n\t\t\t\t<\/div>\n\t\t\t\t\t<\/div>\n\t\t\t\t<\/div>\n\t\t<div class=\"elementor-element elementor-element-b5dd62d e-flex e-con-boxed e-con e-parent\" data-id=\"b5dd62d\" data-element_type=\"container\">\n\t\t\t\t\t<div class=\"e-con-inner\">\n\t\t<div class=\"elementor-element elementor-element-4e95a1d e-con-full e-flex e-con e-child\" data-id=\"4e95a1d\" data-element_type=\"container\">\n\t\t\t\t<div class=\"elementor-element elementor-element-9361064 elementor-widget elementor-widget-heading\" data-id=\"9361064\" data-element_type=\"widget\" data-widget_type=\"heading.default\">\n\t\t\t\t<div class=\"elementor-widget-container\">\n\t\t\t\t\t<h2 class=\"elementor-heading-title elementor-size-default\">LE GESTE<\/h2>\t\t\t\t<\/div>\n\t\t\t\t<\/div>\n\t\t\t\t<div class=\"elementor-element elementor-element-e2ed069 elementor-widget elementor-widget-heading\" data-id=\"e2ed069\" data-element_type=\"widget\" data-widget_type=\"heading.default\">\n\t\t\t\t<div class=\"elementor-widget-container\">\n\t\t\t\t\t<h2 class=\"elementor-heading-title elementor-size-default\">\"Faire autrement, faire avec sens\"<\/h2>\t\t\t\t<\/div>\n\t\t\t\t<\/div>\n\t\t\t\t<div class=\"elementor-element elementor-element-ef8b4cf elementor-widget__width-initial elementor-widget-mobile__width-initial elementor-widget elementor-widget-text-editor\" data-id=\"ef8b4cf\" data-element_type=\"widget\" data-widget_type=\"text-editor.default\">\n\t\t\t\t<div class=\"elementor-widget-container\">\n\t\t\t\t\t\t\t\t\t<p>Chez SU\u00c8NH, chaque soin est fabriqu\u00e9 en petite s\u00e9rie, \u00e0 la main, dans notre atelier.<br data-start=\"840\" data-end=\"843\" \/>Nos formules sont brutes, courtes, claires, concentr\u00e9es en actifs, sans conservateurs ni superflus.<br data-start=\"906\" data-end=\"909\" \/>Elles mettent en valeur la richesse des plantes locales de notre r\u00e9gion.<br data-start=\"1019\" data-end=\"1022\" \/>Peu transform\u00e9s, nos soins conservent l\u2019essentiel : la puissance brute du v\u00e9g\u00e9tal.<br data-start=\"1104\" data-end=\"1107\" \/>Nous privil\u00e9gions les mac\u00e9r\u00e2ts huileux, les hydrolats maison et les huiles v\u00e9g\u00e9tales fran\u00e7aises, pour composer des soins efficaces, sensoriels et compr\u00e9hensibles.<br data-start=\"1269\" data-end=\"1272\" \/>C\u2019est une cosm\u00e9tique lente, artisanale, qui respecte le rythme de la nature autant que celui de la peau.<br data-start=\"200\" data-end=\"203\" \/>Purs, efficaces et engag\u00e9s, nos soins r\u00e9v\u00e8lent l\u2019\u00e9clat naturel de la peau, \u00e0 tout \u00e2ge.<\/p>\t\t\t\t\t\t\t\t<\/div>\n\t\t\t\t<\/div>\n\t\t\t\t<\/div>\n\t\t<div class=\"elementor-element elementor-element-0e2e7ab e-con-full e-flex e-con e-child\" data-id=\"0e2e7ab\" data-element_type=\"container\" data-settings=\"{&quot;background_background&quot;:&quot;classic&quot;}\">\n\t\t\t\t<\/div>\n\t\t\t\t\t<\/div>\n\t\t\t\t<\/div>\n\t\t<div class=\"elementor-element elementor-element-5a35849 e-con-full e-flex e-con e-parent\" data-id=\"5a35849\" data-element_type=\"container\">\n\t\t<div class=\"elementor-element elementor-element-7da7ff3 e-con-full e-flex e-con e-child\" data-id=\"7da7ff3\" data-element_type=\"container\" data-settings=\"{&quot;background_background&quot;:&quot;classic&quot;}\">\n\t\t\t\t<\/div>\n\t\t<div class=\"elementor-element elementor-element-4ad1dee e-con-full e-flex e-con e-child\" data-id=\"4ad1dee\" data-element_type=\"container\">\n\t\t<div class=\"elementor-element elementor-element-d4da3eb e-con-full e-flex e-con e-child\" data-id=\"d4da3eb\" data-element_type=\"container\">\n\t\t\t\t<div class=\"elementor-element elementor-element-f84d534 elementor-widget elementor-widget-heading\" data-id=\"f84d534\" data-element_type=\"widget\" data-widget_type=\"heading.default\">\n\t\t\t\t<div class=\"elementor-widget-container\">\n\t\t\t\t\t<h2 class=\"elementor-heading-title elementor-size-default\">LA TERRE, LA PLANTE<\/h2>\t\t\t\t<\/div>\n\t\t\t\t<\/div>\n\t\t\t\t<div class=\"elementor-element elementor-element-ec68418 elementor-widget elementor-widget-heading\" data-id=\"ec68418\" data-element_type=\"widget\" data-widget_type=\"heading.default\">\n\t\t\t\t<div class=\"elementor-widget-container\">\n\t\t\t\t\t<h2 class=\"elementor-heading-title elementor-size-default\">\"SU\u00c8NH cultive vos cosm\u00e9tiques\"<\/h2>\t\t\t\t<\/div>\n\t\t\t\t<\/div>\n\t\t\t\t<div class=\"elementor-element elementor-element-a7c24b6 elementor-widget__width-initial elementor-widget-mobile__width-initial elementor-widget elementor-widget-text-editor\" data-id=\"a7c24b6\" data-element_type=\"widget\" data-widget_type=\"text-editor.default\">\n\t\t\t\t<div class=\"elementor-widget-container\">\n\t\t\t\t\t\t\t\t\t<p>Tout commence dans nos jardins, nos prairies, nos for\u00eats du Sud-Ouest.<br data-start=\"1518\" data-end=\"1521\" \/>Nous cultivons, en bio et \u00e0 la main, une grande partie des plantes utilis\u00e9es dans nos soins : calendula, pr\u00eale, romarin, serpolet, carotte sauvage\u2026<br data-start=\"1668\" data-end=\"1671\" \/>Les autres sont cueillies en sauvage, toujours sur nos terres certifi\u00e9es, ou choisies localement quand nous ne pouvons les produire nous-m\u00eames.<br data-start=\"1814\" data-end=\"1817\" \/>Chaque plante est s\u00e9lectionn\u00e9e pour sa vitalit\u00e9, sa saisonnalit\u00e9, et ses bienfaits pour la peau.<br data-start=\"1913\" data-end=\"1916\" \/>Chez SU\u00c8NH, le soin est d\u2019abord une histoire de territoire, de biodiversit\u00e9, de lien avec le vivant.<\/p>\t\t\t\t\t\t\t\t<\/div>\n\t\t\t\t<\/div>\n\t\t\t\t<\/div>\n\t\t\t\t<\/div>\n\t\t\t\t<\/div>\n\t\t<div class=\"elementor-element elementor-element-f62a5fd e-flex e-con-boxed e-con e-parent\" data-id=\"f62a5fd\" data-element_type=\"container\">\n\t\t\t\t\t<div class=\"e-con-inner\">\n\t\t<div class=\"elementor-element elementor-element-5439520 e-con-full e-flex e-con e-child\" data-id=\"5439520\" data-element_type=\"container\">\n\t\t\t\t<div class=\"elementor-element elementor-element-928a746 elementor-widget elementor-widget-heading\" data-id=\"928a746\" data-element_type=\"widget\" data-widget_type=\"heading.default\">\n\t\t\t\t<div class=\"elementor-widget-container\">\n\t\t\t\t\t<h2 class=\"elementor-heading-title elementor-size-default\">LE CHOIX<\/h2>\t\t\t\t<\/div>\n\t\t\t\t<\/div>\n\t\t\t\t<div class=\"elementor-element elementor-element-557b992 elementor-widget elementor-widget-heading\" data-id=\"557b992\" data-element_type=\"widget\" data-widget_type=\"heading.default\">\n\t\t\t\t<div class=\"elementor-widget-container\">\n\t\t\t\t\t<h2 class=\"elementor-heading-title elementor-size-default\">\"Un choix \u00e0 contre-courant d\u2019un monde qui acc\u00e9l\u00e8re toujours plus\"<\/h2>\t\t\t\t<\/div>\n\t\t\t\t<\/div>\n\t\t\t\t<div class=\"elementor-element elementor-element-2da363d elementor-widget__width-initial elementor-widget-mobile__width-initial elementor-widget elementor-widget-text-editor\" data-id=\"2da363d\" data-element_type=\"widget\" data-widget_type=\"text-editor.default\">\n\t\t\t\t<div class=\"elementor-widget-container\">\n\t\t\t\t\t\t\t\t\t<p data-start=\"863\" data-end=\"902\">Chez SU\u00c8NH, tout part d\u2019un d\u00e9sir simple : vivre pleinement de ce que l\u2019on cr\u00e9e, en accord avec ses valeurs.<br data-start=\"1011\" data-end=\"1014\" \/>Un m\u00e9tier de sens, fait de gestes lents, de mati\u00e8re vivante, et d\u2019\u00e9quilibre.<\/p><p data-start=\"1092\" data-end=\"1319\">Chaque soin est cultiv\u00e9, formul\u00e9 et fabriqu\u00e9 en petites s\u00e9ries, dans notre atelier, avec attention et justesse.<br data-start=\"1203\" data-end=\"1206\" \/>Ce rythme choisi nous permet de pr\u00e9server la qualit\u00e9, la coh\u00e9rence, et surtout, la joie de faire les choses bien.<\/p><p data-start=\"1321\" data-end=\"1525\">Ce projet, c\u2019est celui d\u2019un artisanat libre, ancr\u00e9 dans la nature et le r\u00e9el.<br data-start=\"1426\" data-end=\"1429\" \/>Cr\u00e9er peu, mais avec sens. Pour proposer des soins qui ont une \u00e2me \u2014 et une vraie raison d\u2019\u00eatre.<\/p>\t\t\t\t\t\t\t\t<\/div>\n\t\t\t\t<\/div>\n\t\t\t\t<\/div>\n\t\t<div class=\"elementor-element elementor-element-f3c867e e-con-full e-flex e-con e-child\" data-id=\"f3c867e\" data-element_type=\"container\" data-settings=\"{&quot;background_background&quot;:&quot;classic&quot;}\">\n\t\t\t\t<\/div>\n\t\t\t\t\t<\/div>\n\t\t\t\t<\/div>\n\t\t\t\t<\/div>\n\t\t","protected":false},"excerpt":{"rendered":"<p>Manifestus* Ce que l&rsquo;on touche, ce que l&rsquo;on fa\u00e7onne, ce que l&rsquo;on choisit d&rsquo;incarner. Chez SU\u00c8NH, chaque cr\u00e9ation est le [&hellip;]<\/p>\n","protected":false},"author":1,"featured_media":0,"parent":0,"menu_order":0,"comment_status":"closed","ping_status":"closed","template":"","meta":{"site-sidebar-layout":"no-sidebar","site-content-layout":"","ast-site-content-layout":"full-width-container","site-content-style":"default","site-sidebar-style":"default","ast-global-header-display":"","ast-banner-title-visibility":"","ast-main-header-display":"","ast-hfb-above-header-display":"","ast-hfb-below-header-display":"","ast-hfb-mobile-header-display":"","site-post-title":"disabled","ast-breadcrumbs-content":"","ast-featured-img":"disabled","footer-sml-layout":"","theme-transparent-header-meta":"","adv-header-id-meta":"","stick-header-meta":"","header-above-stick-meta":"","header-main-stick-meta":"","header-below-stick-meta":"","astra-migrate-meta-layouts":"default","ast-page-background-enabled":"default","ast-page-background-meta":{"desktop":{"background-color":"var(--ast-global-color-5)","background-image":"","background-repeat":"repeat","background-position":"center center","background-size":"auto","background-attachment":"scroll","background-type":"","background-media":"","overlay-type":"","overlay-color":"","overlay-opacity":"","overlay-gradient":""},"tablet":{"background-color":"","background-image":"","background-repeat":"repeat","background-position":"center center","background-size":"auto","background-attachment":"scroll","background-type":"","background-media":"","overlay-type":"","overlay-color":"","overlay-opacity":"","overlay-gradient":""},"mobile":{"background-color":"","background-image":"","background-repeat":"repeat","background-position":"center center","background-size":"auto","background-attachment":"scroll","background-type":"","background-media":"","overlay-type":"","overlay-color":"","overlay-opacity":"","overlay-gradient":""}},"ast-content-background-meta":{"desktop":{"background-color":"var(--ast-global-color-4)","background-image":"","background-repeat":"repeat","background-position":"center center","background-size":"auto","background-attachment":"scroll","background-type":"","background-media":"","overlay-type":"","overlay-color":"","overlay-opacity":"","overlay-gradient":""},"tablet":{"background-color":"var(--ast-global-color-4)","background-image":"","background-repeat":"repeat","background-position":"center center","background-size":"auto","background-attachment":"scroll","background-type":"","background-media":"","overlay-type":"","overlay-color":"","overlay-opacity":"","overlay-gradient":""},"mobile":{"background-color":"var(--ast-global-color-4)","background-image":"","background-repeat":"repeat","background-position":"center center","background-size":"auto","background-attachment":"scroll","background-type":"","background-media":"","overlay-type":"","overlay-color":"","overlay-opacity":"","overlay-gradient":""}},"footnotes":""},"class_list":["post-1369","page","type-page","status-publish","hentry"],"_links":{"self":[{"href":"https:\/\/www.test.suenhcosmetics.fr\/index.php\/wp-json\/wp\/v2\/pages\/1369","targetHints":{"allow":["GET"]}}],"collection":[{"href":"https:\/\/www.test.suenhcosmetics.fr\/index.php\/wp-json\/wp\/v2\/pages"}],"about":[{"href":"https:\/\/www.test.suenhcosmetics.fr\/index.php\/wp-json\/wp\/v2\/types\/page"}],"author":[{"embeddable":true,"href":"https:\/\/www.test.suenhcosmetics.fr\/index.php\/wp-json\/wp\/v2\/users\/1"}],"replies":[{"embeddable":true,"href":"https:\/\/www.test.suenhcosmetics.fr\/index.php\/wp-json\/wp\/v2\/comments?post=1369"}],"version-history":[{"count":104,"href":"https:\/\/www.test.suenhcosmetics.fr\/index.php\/wp-json\/wp\/v2\/pages\/1369\/revisions"}],"predecessor-version":[{"id":4686,"href":"https:\/\/www.test.suenhcosmetics.fr\/index.php\/wp-json\/wp\/v2\/pages\/1369\/revisions\/4686"}],"wp:attachment":[{"href":"https:\/\/www.test.suenhcosmetics.fr\/index.php\/wp-json\/wp\/v2\/media?parent=1369"}],"curies":[{"name":"wp","href":"https:\/\/api.w.org\/{rel}","templated":true}]}}